{"id":179,"date":"2020-08-10T10:32:41","date_gmt":"2020-08-10T10:32:41","guid":{"rendered":"http:\/\/xn--allguer-alpenhonig-propolis-ekc.com\/?page_id=179"},"modified":"2021-08-30T06:34:07","modified_gmt":"2021-08-30T06:34:07","slug":"honig","status":"publish","type":"page","link":"https:\/\/xn--allguer-alpenhonig-propolis-ekc.com\/?page_id=179","title":{"rendered":"Honig"},"content":{"rendered":"\t\t<div data-elementor-type=\"wp-page\" data-elementor-id=\"179\" class=\"elementor elementor-179\" data-elementor-post-type=\"page\">\n\t\t\t\t\t\t<section class=\"elementor-section elementor-top-section elementor-element elementor-element-d94e512 elementor-section-boxed elementor-section-height-default elementor-section-height-default\" data-id=\"d94e512\" data-element_type=\"section\">\n\t\t\t\t\t\t<div class=\"elementor-container elementor-column-gap-default\">\n\t\t\t\t\t<div class=\"elementor-column elementor-col-100 elementor-top-column elementor-element elementor-element-3db1f7f\" data-id=\"3db1f7f\" data-element_type=\"column\">\n\t\t\t<div class=\"elementor-widget-wrap elementor-element-populated\">\n\t\t\t\t\t\t<div class=\"elementor-element elementor-element-fca30c3 elementor-widget elementor-widget-heading\" data-id=\"fca30c3\" data-element_type=\"widget\" data-widget_type=\"heading.default\">\n\t\t\t\t<div class=\"elementor-widget-container\">\n\t\t\t\t\t<h2 class=\"elementor-heading-title elementor-size-xl\">Honig<\/h2>\t\t\t\t<\/div>\n\t\t\t\t<\/div>\n\t\t\t\t\t<\/div>\n\t\t<\/div>\n\t\t\t\t\t<\/div>\n\t\t<\/section>\n\t\t\t\t<section class=\"elementor-section elementor-top-section elementor-element elementor-element-8f107d5 elementor-section-boxed elementor-section-height-default elementor-section-height-default\" data-id=\"8f107d5\" data-element_type=\"section\">\n\t\t\t\t\t\t<div class=\"elementor-container elementor-column-gap-default\">\n\t\t\t\t\t<div class=\"elementor-column elementor-col-100 elementor-top-column elementor-element elementor-element-f71ce51\" data-id=\"f71ce51\" data-element_type=\"column\">\n\t\t\t<div class=\"elementor-widget-wrap elementor-element-populated\">\n\t\t\t\t\t\t<div class=\"elementor-element elementor-element-a4974fb elementor-widget elementor-widget-heading\" data-id=\"a4974fb\" data-element_type=\"widget\" data-widget_type=\"heading.default\">\n\t\t\t\t<div class=\"elementor-widget-container\">\n\t\t\t\t\t<h2 class=\"elementor-heading-title elementor-size-default\">Die besonderen Eigenschaften des Honigs bei der F\u00f6rderung des Wohlbefinden<\/h2>\t\t\t\t<\/div>\n\t\t\t\t<\/div>\n\t\t\t\t\t<\/div>\n\t\t<\/div>\n\t\t\t\t\t<\/div>\n\t\t<\/section>\n\t\t\t\t<section class=\"elementor-section elementor-top-section elementor-element elementor-element-ef88bd9 elementor-section-boxed elementor-section-height-default elementor-section-height-default\" data-id=\"ef88bd9\" data-element_type=\"section\">\n\t\t\t\t\t\t<div class=\"elementor-container elementor-column-gap-default\">\n\t\t\t\t\t<div class=\"elementor-column elementor-col-33 elementor-top-column elementor-element elementor-element-aaa7105\" data-id=\"aaa7105\" data-element_type=\"column\">\n\t\t\t<div class=\"elementor-widget-wrap elementor-element-populated\">\n\t\t\t\t\t\t<div class=\"elementor-element elementor-element-45da343 elementor-widget elementor-widget-image\" data-id=\"45da343\" data-element_type=\"widget\" data-widget_type=\"image.default\">\n\t\t\t\t<div class=\"elementor-widget-container\">\n\t\t\t\t\t\t\t\t\t\t\t\t\t\t\t<img fetchpriority=\"high\" decoding=\"async\" width=\"598\" height=\"400\" src=\"https:\/\/xn--allguer-alpenhonig-propolis-ekc.com\/wp-content\/uploads\/2020\/08\/1541710708.jpg\" class=\"attachment-large size-large wp-image-226\" alt=\"\" srcset=\"https:\/\/xn--allguer-alpenhonig-propolis-ekc.com\/wp-content\/uploads\/2020\/08\/1541710708.jpg 598w, https:\/\/xn--allguer-alpenhonig-propolis-ekc.com\/wp-content\/uploads\/2020\/08\/1541710708-300x201.jpg 300w\" sizes=\"(max-width: 598px) 100vw, 598px\" \/>\t\t\t\t\t\t\t\t\t\t\t\t\t\t\t<\/div>\n\t\t\t\t<\/div>\n\t\t\t\t<div class=\"elementor-element elementor-element-6428a53 elementor-widget elementor-widget-image\" data-id=\"6428a53\" data-element_type=\"widget\" data-widget_type=\"image.default\">\n\t\t\t\t<div class=\"elementor-widget-container\">\n\t\t\t\t\t\t\t\t\t\t\t\t\t\t\t<img decoding=\"async\" width=\"1024\" height=\"768\" src=\"https:\/\/xn--allguer-alpenhonig-propolis-ekc.com\/wp-content\/uploads\/2020\/08\/image00004.jpg\" class=\"attachment-large size-large wp-image-227\" alt=\"\" srcset=\"https:\/\/xn--allguer-alpenhonig-propolis-ekc.com\/wp-content\/uploads\/2020\/08\/image00004.jpg 1024w, https:\/\/xn--allguer-alpenhonig-propolis-ekc.com\/wp-content\/uploads\/2020\/08\/image00004-300x225.jpg 300w, https:\/\/xn--allguer-alpenhonig-propolis-ekc.com\/wp-content\/uploads\/2020\/08\/image00004-768x576.jpg 768w, https:\/\/xn--allguer-alpenhonig-propolis-ekc.com\/wp-content\/uploads\/2020\/08\/image00004-600x450.jpg 600w\" sizes=\"(max-width: 1024px) 100vw, 1024px\" \/>\t\t\t\t\t\t\t\t\t\t\t\t\t\t\t<\/div>\n\t\t\t\t<\/div>\n\t\t\t\t\t<\/div>\n\t\t<\/div>\n\t\t\t\t<div class=\"elementor-column elementor-col-66 elementor-top-column elementor-element elementor-element-8d713f9\" data-id=\"8d713f9\" data-element_type=\"column\">\n\t\t\t<div class=\"elementor-widget-wrap elementor-element-populated\">\n\t\t\t\t\t\t<div class=\"elementor-element elementor-element-07fbbc7 elementor-widget elementor-widget-text-editor\" data-id=\"07fbbc7\" data-element_type=\"widget\" data-widget_type=\"text-editor.default\">\n\t\t\t\t<div class=\"elementor-widget-container\">\n\t\t\t\t\t\t\t\t\t<p>Honig \u2013 Brotaufstrich, S\u00fc\u00dfungsmittel und F\u00f6rderung des Wohlbefinden bei \u00e4u\u00dferen Verletzungen. Was zun\u00e4chst komisch klingt, ist schon seit mehreren tausend Jahren bekannt und wird auch heute noch eingesetzt: Honig kann bei der Wundheilung helfen. Doch welcher Honig eignet sich zum medizinischen Einsatz und warum? Die Besonderheit liegt in seiner speziellen Zusammensetzung.<\/p><p>Eine alte Weisheit je vielf\u00e4ltiger die Bl\u00fctenpracht um so wertvoller der Honig .<\/p><p>Ganz wichtig ist wo die Bienen den Nektar sammeln , ob er aus Gebieten mit intensiv bewirtschaften Ackerfl\u00e4chen frei von Pestiziden oder aus einer halbwegs intakter Natur fern von Ballungsgebieten Industrie und Gro\u00dfstadt stammt .<\/p><p>Um zu verstehen, wie und wann der Honig Einfluss nimmt, muss man sich zun\u00e4chst vor Augen f\u00fchren, wie die Wundheilung in der Regel abl\u00e4uft. Sie gliedert sich in verschiedene Phasen, in denen jeweils unterschiedliche Prozesse stattfinden. Zun\u00e4chst gibt es eine Entz\u00fcndungsphase, die unter anderem dazu dient, Reparaturzellen in die Wunde zu bringen. Im zweiten Schritt geht es darum, abgestorbenes Gewebe abzubauen und zu entfernen, damit sich neues Gewebe ausbilden kann. Schlie\u00dflich wird die Wunde epithelisiert, es bildet sich also zun\u00e4chst eine sehr empfindliche, sp\u00e4ter robuste neue Hautschicht.<\/p><p>Ein Wundermittel ist die besondere Zusammensetzung von Hochalpen-Honig Propolis und Gelee Royal . Die\u00a0Bee Propoli Biotika Tinktur<\/p>\t\t\t\t\t\t\t\t<\/div>\n\t\t\t\t<\/div>\n\t\t\t\t\t<\/div>\n\t\t<\/div>\n\t\t\t\t\t<\/div>\n\t\t<\/section>\n\t\t\t\t<section class=\"elementor-section elementor-top-section elementor-element elementor-element-9b7fa54 elementor-section-boxed elementor-section-height-default elementor-section-height-default\" data-id=\"9b7fa54\" data-element_type=\"section\">\n\t\t\t\t\t\t<div class=\"elementor-container elementor-column-gap-default\">\n\t\t\t\t\t<div class=\"elementor-column elementor-col-100 elementor-top-column elementor-element elementor-element-e591b04\" data-id=\"e591b04\" data-element_type=\"column\">\n\t\t\t<div class=\"elementor-widget-wrap elementor-element-populated\">\n\t\t\t\t\t\t<div class=\"elementor-element elementor-element-e5c7313 elementor-widget elementor-widget-text-editor\" data-id=\"e5c7313\" data-element_type=\"widget\" data-widget_type=\"text-editor.default\">\n\t\t\t\t<div class=\"elementor-widget-container\">\n\t\t\t\t\t\t\t\t\t<p>Weitere Informationen \u00fcber die wertvollen Eigenschaften des Honigs finden Sie unter folgenden Links:<br \/><a href=\"https:\/\/de.wikipedia.org\/wiki\/Honig\">https:\/\/de.wikipedia.org\/wiki\/Honig<\/a><br \/><a href=\"https:\/\/www.zentrum-der-gesundheit.de\/honig-ia.html\">https:\/\/www.zentrum-der-gesundheit.de\/honig-ia.html<\/a><\/p>\t\t\t\t\t\t\t\t<\/div>\n\t\t\t\t<\/div>\n\t\t\t\t\t<\/div>\n\t\t<\/div>\n\t\t\t\t\t<\/div>\n\t\t<\/section>\n\t\t\t\t<section class=\"elementor-section elementor-top-section elementor-element elementor-element-7e01278 elementor-section-boxed elementor-section-height-default elementor-section-height-default\" data-id=\"7e01278\" data-element_type=\"section\">\n\t\t\t\t\t\t<div class=\"elementor-container elementor-column-gap-default\">\n\t\t\t\t\t<div class=\"elementor-column elementor-col-100 elementor-top-column elementor-element elementor-element-4359033\" data-id=\"4359033\" data-element_type=\"column\">\n\t\t\t<div class=\"elementor-widget-wrap elementor-element-populated\">\n\t\t\t\t\t\t<div class=\"elementor-element elementor-element-3629ec1 elementor-widget elementor-widget-image-carousel\" data-id=\"3629ec1\" data-element_type=\"widget\" data-settings=\"{&quot;slides_to_show&quot;:&quot;5&quot;,&quot;navigation&quot;:&quot;none&quot;,&quot;autoplay&quot;:&quot;yes&quot;,&quot;pause_on_hover&quot;:&quot;yes&quot;,&quot;pause_on_interaction&quot;:&quot;yes&quot;,&quot;autoplay_speed&quot;:5000,&quot;infinite&quot;:&quot;yes&quot;,&quot;speed&quot;:500}\" data-widget_type=\"image-carousel.default\">\n\t\t\t\t<div class=\"elementor-widget-container\">\n\t\t\t\t\t\t\t<div class=\"elementor-image-carousel-wrapper swiper\" role=\"region\" aria-roledescription=\"carousel\" aria-label=\"Bild Karussell\" dir=\"ltr\">\n\t\t\t<div class=\"elementor-image-carousel swiper-wrapper\" aria-live=\"off\">\n\t\t\t\t\t\t\t\t<div class=\"swiper-slide\" role=\"group\" aria-roledescription=\"slide\" aria-label=\"1 von 6\"><figure class=\"swiper-slide-inner\"><img decoding=\"async\" class=\"swiper-slide-image\" src=\"https:\/\/xn--allguer-alpenhonig-propolis-ekc.com\/wp-content\/uploads\/2020\/08\/image00008-150x150.jpg\" alt=\"Honigernte\" \/><\/figure><\/div><div class=\"swiper-slide\" role=\"group\" aria-roledescription=\"slide\" aria-label=\"2 von 6\"><figure class=\"swiper-slide-inner\"><img decoding=\"async\" class=\"swiper-slide-image\" src=\"https:\/\/xn--allguer-alpenhonig-propolis-ekc.com\/wp-content\/uploads\/2020\/08\/IMG_3242-150x150.jpg\" alt=\"Standort am Fellhorn\" \/><\/figure><\/div><div class=\"swiper-slide\" role=\"group\" aria-roledescription=\"slide\" aria-label=\"3 von 6\"><figure class=\"swiper-slide-inner\"><img decoding=\"async\" class=\"swiper-slide-image\" src=\"https:\/\/xn--allguer-alpenhonig-propolis-ekc.com\/wp-content\/uploads\/2020\/08\/image00009-150x150.jpg\" alt=\"Bienenhaus\" \/><\/figure><\/div><div class=\"swiper-slide\" role=\"group\" aria-roledescription=\"slide\" aria-label=\"4 von 6\"><figure class=\"swiper-slide-inner\"><img decoding=\"async\" class=\"swiper-slide-image\" src=\"https:\/\/xn--allguer-alpenhonig-propolis-ekc.com\/wp-content\/uploads\/2020\/08\/image00004-150x150.jpg\" alt=\"L\u00f6wenzahnhonig\" \/><\/figure><\/div><div class=\"swiper-slide\" role=\"group\" aria-roledescription=\"slide\" aria-label=\"5 von 6\"><figure class=\"swiper-slide-inner\"><img decoding=\"async\" class=\"swiper-slide-image\" src=\"https:\/\/xn--allguer-alpenhonig-propolis-ekc.com\/wp-content\/uploads\/2020\/08\/1541710708-150x150.jpg\" alt=\"Wabe\" \/><\/figure><\/div><div class=\"swiper-slide\" role=\"group\" aria-roledescription=\"slide\" aria-label=\"6 von 6\"><figure class=\"swiper-slide-inner\"><img decoding=\"async\" class=\"swiper-slide-image\" src=\"https:\/\/xn--allguer-alpenhonig-propolis-ekc.com\/wp-content\/uploads\/2020\/08\/IMG_7718_002-150x150.jpg\" alt=\"IMG_7718_002\" \/><\/figure><\/div>\t\t\t<\/div>\n\t\t\t\t\t\t\t\n\t\t\t\t\t\t\t\t\t<\/div>\n\t\t\t\t\t\t<\/div>\n\t\t\t\t<\/div>\n\t\t\t\t\t<\/div>\n\t\t<\/div>\n\t\t\t\t\t<\/div>\n\t\t<\/section>\n\t\t\t\t<\/div>\n\t\t","protected":false},"excerpt":{"rendered":"<p>Honig Die besonderen Eigenschaften des Honigs bei der F\u00f6rderung des Wohlbefinden Honig \u2013 Brotaufstrich, S\u00fc\u00dfungsmittel und F\u00f6rderung des Wohlbefinden bei \u00e4u\u00dferen Verletzungen. Was zun\u00e4chst komisch klingt, ist schon seit mehreren tausend Jahren bekannt und wird auch heute noch eingesetzt: Honig kann bei der Wundheilung helfen. Doch welcher Honig eignet sich zum medizinischen Einsatz und warum? [&hellip;]<\/p>\n","protected":false},"author":1,"featured_media":0,"parent":0,"menu_order":0,"comment_status":"closed","ping_status":"closed","template":"","meta":{"ocean_post_layout":"full-screen","ocean_both_sidebars_style":"","ocean_both_sidebars_content_width":0,"ocean_both_sidebars_sidebars_width":0,"ocean_sidebar":"0","ocean_second_sidebar":"0","ocean_disable_margins":"on","ocean_add_body_class":"","ocean_shortcode_before_top_bar":"","ocean_shortcode_after_top_bar":"","ocean_shortcode_before_header":"","ocean_shortcode_after_header":"","ocean_has_shortcode":"","ocean_shortcode_after_title":"","ocean_shortcode_before_footer_widgets":"","ocean_shortcode_after_footer_widgets":"","ocean_shortcode_before_footer_bottom":"","ocean_shortcode_after_footer_bottom":"","ocean_display_top_bar":"off","ocean_display_header":"default","ocean_header_style":"full_screen","ocean_center_header_left_menu":"0","ocean_custom_header_template":"0","ocean_custom_logo":0,"ocean_custom_retina_logo":0,"ocean_custom_logo_max_width":0,"ocean_custom_logo_tablet_max_width":0,"ocean_custom_logo_mobile_max_width":0,"ocean_custom_logo_max_height":0,"ocean_custom_logo_tablet_max_height":0,"ocean_custom_logo_mobile_max_height":0,"ocean_header_custom_menu":"30","ocean_menu_typo_font_family":"0","ocean_menu_typo_font_subset":"","ocean_menu_typo_font_size":0,"ocean_menu_typo_font_size_tablet":0,"ocean_menu_typo_font_size_mobile":0,"ocean_menu_typo_font_size_unit":"px","ocean_menu_typo_font_weight":"","ocean_menu_typo_font_weight_tablet":"","ocean_menu_typo_font_weight_mobile":"","ocean_menu_typo_transform":"","ocean_menu_typo_transform_tablet":"","ocean_menu_typo_transform_mobile":"","ocean_menu_typo_line_height":0,"ocean_menu_typo_line_height_tablet":0,"ocean_menu_typo_line_height_mobile":0,"ocean_menu_typo_line_height_unit":"","ocean_menu_typo_spacing":0,"ocean_menu_typo_spacing_tablet":0,"ocean_menu_typo_spacing_mobile":0,"ocean_menu_typo_spacing_unit":"","ocean_menu_link_color":"","ocean_menu_link_color_hover":"","ocean_menu_link_color_active":"","ocean_menu_link_background":"","ocean_menu_link_hover_background":"","ocean_menu_link_active_background":"","ocean_menu_social_links_bg":"","ocean_menu_social_hover_links_bg":"","ocean_menu_social_links_color":"","ocean_menu_social_hover_links_color":"","ocean_disable_title":"on","ocean_disable_heading":"default","ocean_post_title":"","ocean_post_subheading":"","ocean_post_title_style":"","ocean_post_title_background_color":"","ocean_post_title_background":0,"ocean_post_title_bg_image_position":"","ocean_post_title_bg_image_attachment":"","ocean_post_title_bg_image_repeat":"","ocean_post_title_bg_image_size":"","ocean_post_title_height":0,"ocean_post_title_bg_overlay":0.5,"ocean_post_title_bg_overlay_color":"","ocean_disable_breadcrumbs":"default","ocean_breadcrumbs_color":"","ocean_breadcrumbs_separator_color":"","ocean_breadcrumbs_links_color":"","ocean_breadcrumbs_links_hover_color":"","ocean_display_footer_widgets":"default","ocean_display_footer_bottom":"default","ocean_custom_footer_template":"0","footnotes":""},"class_list":["post-179","page","type-page","status-publish","hentry","entry","owp-thumbs-layout-horizontal","owp-btn-normal","owp-tabs-layout-horizontal","has-no-thumbnails","has-product-nav"],"aioseo_notices":[],"_links":{"self":[{"href":"https:\/\/xn--allguer-alpenhonig-propolis-ekc.com\/index.php?rest_route=\/wp\/v2\/pages\/179","targetHints":{"allow":["GET"]}}],"collection":[{"href":"https:\/\/xn--allguer-alpenhonig-propolis-ekc.com\/index.php?rest_route=\/wp\/v2\/pages"}],"about":[{"href":"https:\/\/xn--allguer-alpenhonig-propolis-ekc.com\/index.php?rest_route=\/wp\/v2\/types\/page"}],"author":[{"embeddable":true,"href":"https:\/\/xn--allguer-alpenhonig-propolis-ekc.com\/index.php?rest_route=\/wp\/v2\/users\/1"}],"replies":[{"embeddable":true,"href":"https:\/\/xn--allguer-alpenhonig-propolis-ekc.com\/index.php?rest_route=%2Fwp%2Fv2%2Fcomments&post=179"}],"version-history":[{"count":18,"href":"https:\/\/xn--allguer-alpenhonig-propolis-ekc.com\/index.php?rest_route=\/wp\/v2\/pages\/179\/revisions"}],"predecessor-version":[{"id":737,"href":"https:\/\/xn--allguer-alpenhonig-propolis-ekc.com\/index.php?rest_route=\/wp\/v2\/pages\/179\/revisions\/737"}],"wp:attachment":[{"href":"https:\/\/xn--allguer-alpenhonig-propolis-ekc.com\/index.php?rest_route=%2Fwp%2Fv2%2Fmedia&parent=179"}],"curies":[{"name":"wp","href":"https:\/\/api.w.org\/{rel}","templated":true}]}}