{"id":223,"date":"2020-08-11T07:03:06","date_gmt":"2020-08-11T07:03:06","guid":{"rendered":"http:\/\/xn--allguer-alpenhonig-propolis-ekc.com\/?page_id=223"},"modified":"2020-08-18T08:54:54","modified_gmt":"2020-08-18T08:54:54","slug":"bienenbrot","status":"publish","type":"page","link":"https:\/\/xn--allguer-alpenhonig-propolis-ekc.com\/?page_id=223","title":{"rendered":"Bienenbrot"},"content":{"rendered":"\t\t<div data-elementor-type=\"wp-page\" data-elementor-id=\"223\" class=\"elementor elementor-223\" data-elementor-post-type=\"page\">\n\t\t\t\t\t\t<section class=\"elementor-section elementor-top-section elementor-element elementor-element-78dd1618 elementor-section-boxed elementor-section-height-default elementor-section-height-default\" data-id=\"78dd1618\" data-element_type=\"section\">\n\t\t\t\t\t\t<div class=\"elementor-container elementor-column-gap-default\">\n\t\t\t\t\t<div class=\"elementor-column elementor-col-100 elementor-top-column elementor-element elementor-element-68f58131\" data-id=\"68f58131\" data-element_type=\"column\">\n\t\t\t<div class=\"elementor-widget-wrap elementor-element-populated\">\n\t\t\t\t\t\t<div class=\"elementor-element elementor-element-61e2c1e9 elementor-widget elementor-widget-heading\" data-id=\"61e2c1e9\" data-element_type=\"widget\" data-widget_type=\"heading.default\">\n\t\t\t\t<div class=\"elementor-widget-container\">\n\t\t\t\t\t<h2 class=\"elementor-heading-title elementor-size-xl\">Bienenbrot (Perga) aus dem Allg\u00e4u und Hochalpengebiet<\/h2>\t\t\t\t<\/div>\n\t\t\t\t<\/div>\n\t\t\t\t\t<\/div>\n\t\t<\/div>\n\t\t\t\t\t<\/div>\n\t\t<\/section>\n\t\t\t\t<section class=\"elementor-section elementor-top-section elementor-element elementor-element-396f97ac elementor-section-boxed elementor-section-height-default elementor-section-height-default\" data-id=\"396f97ac\" data-element_type=\"section\">\n\t\t\t\t\t\t<div class=\"elementor-container elementor-column-gap-default\">\n\t\t\t\t\t<div class=\"elementor-column elementor-col-100 elementor-top-column elementor-element elementor-element-64b03aa6\" data-id=\"64b03aa6\" data-element_type=\"column\">\n\t\t\t<div class=\"elementor-widget-wrap elementor-element-populated\">\n\t\t\t\t\t\t<div class=\"elementor-element elementor-element-310d2e09 elementor-widget elementor-widget-heading\" data-id=\"310d2e09\" data-element_type=\"widget\" data-widget_type=\"heading.default\">\n\t\t\t\t<div class=\"elementor-widget-container\">\n\t\t\t\t\t<h2 class=\"elementor-heading-title elementor-size-default\">Bienenbrot (Perga) ist das wohl gr\u00f6\u00dfte Standbein der Apitherapie (Bienenheilkunde)<\/h2>\t\t\t\t<\/div>\n\t\t\t\t<\/div>\n\t\t\t\t\t<\/div>\n\t\t<\/div>\n\t\t\t\t\t<\/div>\n\t\t<\/section>\n\t\t\t\t<section class=\"elementor-section elementor-top-section elementor-element elementor-element-24854b7f elementor-section-boxed elementor-section-height-default elementor-section-height-default\" data-id=\"24854b7f\" data-element_type=\"section\">\n\t\t\t\t\t\t<div class=\"elementor-container elementor-column-gap-default\">\n\t\t\t\t\t<div class=\"elementor-column elementor-col-33 elementor-top-column elementor-element elementor-element-661c39fb\" data-id=\"661c39fb\" data-element_type=\"column\">\n\t\t\t<div class=\"elementor-widget-wrap elementor-element-populated\">\n\t\t\t\t\t\t<div class=\"elementor-element elementor-element-4a7f3772 elementor-widget elementor-widget-image\" data-id=\"4a7f3772\" data-element_type=\"widget\" data-widget_type=\"image.default\">\n\t\t\t\t<div class=\"elementor-widget-container\">\n\t\t\t\t\t\t\t\t\t\t\t\t\t\t\t<img decoding=\"async\" src=\"https:\/\/xn--allguer-alpenhonig-propolis-ekc.com\/wp-content\/uploads\/2020\/08\/image00011.jpg\" title=\"image00011\" alt=\"image00011\" loading=\"lazy\" \/>\t\t\t\t\t\t\t\t\t\t\t\t\t\t\t<\/div>\n\t\t\t\t<\/div>\n\t\t\t\t\t<\/div>\n\t\t<\/div>\n\t\t\t\t<div class=\"elementor-column elementor-col-66 elementor-top-column elementor-element elementor-element-5b970dab\" data-id=\"5b970dab\" data-element_type=\"column\">\n\t\t\t<div class=\"elementor-widget-wrap elementor-element-populated\">\n\t\t\t\t\t\t<div class=\"elementor-element elementor-element-27fd7fdf elementor-widget elementor-widget-text-editor\" data-id=\"27fd7fdf\" data-element_type=\"widget\" data-widget_type=\"text-editor.default\">\n\t\t\t\t<div class=\"elementor-widget-container\">\n\t\t\t\t\t\t\t\t\t<p>Das von mir geerntete Bienenbrot (auch Perga) genannt wird ausschlie\u00dflich von meinen Bienen im Allg\u00e4u und Voralpenland, Weissensberg, Adelegg, Oberstdorf Tal und Fellhorn Hochalpengebiet, \u00fcberwiegend von den Fr\u00fchjahrsbl\u00fcten gesammelt.<br \/>wie von verschiedener Weidenarten, L\u00f6wenzahn, Wildkirsche, Obstbl\u00fcten, (Streuobst),Schlehe, Wei\u00dfdorn, B\u00e4rlauchbl\u00fcten, Spitzwegerich sowie der Pollen von der Gesamten Hochalpenbl\u00fcte der Fellhornregion bei Oberstdorf\u00a0 zB. Arnika, Enzian, Erika, Orchideen, Distelarten usw. BIENENBROT darf den Bienen nur zu einem kleinen Teil entnommen werden und nur dann, wenn es ein reichhaltiges Pollenangebot (Bl\u00fctenpracht) im Jahr gibt. Da es das \u201eBrot\u201c der Biene ist und sie davon\u00a0 Futtersaft und Gelee Royal erzeugt, ist es wichtig das man ihnen mindestens eine Vorratswabe bel\u00e4sst, und nur, wenn vorhanden, den \u00dcberschuss erntet.<\/p><p><strong>Ganz wichtig<\/strong>: Die Biene versiegelt das Bienenbrot zur Fermentierung und zum Schutz vor Oxidation luftdicht mit einer hauchd\u00fcnnen Schicht Propolis. Das frisch aus der Wabe gewonnene Bienenbrot wird von mir\u00a0 sofort mit hochwertigem L\u00f6wenzahn\/Alpenhonig, Gelee Royal (Bienensaft) konserviert und so veredelt. Deshalb empfehle ich, sicherheitshalber, Bienenbrot nur frisch von einem Imker des Vertrauens zu beziehen. Das vielfach im Handel angebotene Bienenbrot, ist aufgrund der m\u00f6glichen Oxidation und der eventuellen Belastung durch Medikamente womit die Bienen behandelt wurden welche in Deutschland verboten sind, teilweise bedenklich.<\/p>\t\t\t\t\t\t\t\t<\/div>\n\t\t\t\t<\/div>\n\t\t\t\t\t<\/div>\n\t\t<\/div>\n\t\t\t\t\t<\/div>\n\t\t<\/section>\n\t\t\t\t<\/div>\n\t\t","protected":false},"excerpt":{"rendered":"<p>Bienenbrot (Perga) aus dem Allg\u00e4u und Hochalpengebiet Bienenbrot (Perga) ist das wohl gr\u00f6\u00dfte Standbein der Apitherapie (Bienenheilkunde) Das von mir geerntete Bienenbrot (auch Perga) genannt wird ausschlie\u00dflich von meinen Bienen im Allg\u00e4u und Voralpenland, Weissensberg, Adelegg, Oberstdorf Tal und Fellhorn Hochalpengebiet, \u00fcberwiegend von den Fr\u00fchjahrsbl\u00fcten gesammelt.wie von verschiedener Weidenarten, L\u00f6wenzahn, Wildkirsche, Obstbl\u00fcten, (Streuobst),Schlehe, Wei\u00dfdorn, B\u00e4rlauchbl\u00fcten, [&hellip;]<\/p>\n","protected":false},"author":1,"featured_media":0,"parent":0,"menu_order":0,"comment_status":"closed","ping_status":"closed","template":"","meta":{"ocean_post_layout":"full-width","ocean_both_sidebars_style":"","ocean_both_sidebars_content_width":0,"ocean_both_sidebars_sidebars_width":0,"ocean_sidebar":"0","ocean_second_sidebar":"0","ocean_disable_margins":"enable","ocean_add_body_class":"","ocean_shortcode_before_top_bar":"","ocean_shortcode_after_top_bar":"","ocean_shortcode_before_header":"","ocean_shortcode_after_header":"","ocean_has_shortcode":"","ocean_shortcode_after_title":"","ocean_shortcode_before_footer_widgets":"","ocean_shortcode_after_footer_widgets":"","ocean_shortcode_before_footer_bottom":"","ocean_shortcode_after_footer_bottom":"","ocean_display_top_bar":"off","ocean_display_header":"default","ocean_header_style":"","ocean_center_header_left_menu":"0","ocean_custom_header_template":"0","ocean_custom_logo":0,"ocean_custom_retina_logo":0,"ocean_custom_logo_max_width":0,"ocean_custom_logo_tablet_max_width":0,"ocean_custom_logo_mobile_max_width":0,"ocean_custom_logo_max_height":0,"ocean_custom_logo_tablet_max_height":0,"ocean_custom_logo_mobile_max_height":0,"ocean_header_custom_menu":"0","ocean_menu_typo_font_family":"0","ocean_menu_typo_font_subset":"","ocean_menu_typo_font_size":0,"ocean_menu_typo_font_size_tablet":0,"ocean_menu_typo_font_size_mobile":0,"ocean_menu_typo_font_size_unit":"px","ocean_menu_typo_font_weight":"","ocean_menu_typo_font_weight_tablet":"","ocean_menu_typo_font_weight_mobile":"","ocean_menu_typo_transform":"","ocean_menu_typo_transform_tablet":"","ocean_menu_typo_transform_mobile":"","ocean_menu_typo_line_height":0,"ocean_menu_typo_line_height_tablet":0,"ocean_menu_typo_line_height_mobile":0,"ocean_menu_typo_line_height_unit":"","ocean_menu_typo_spacing":0,"ocean_menu_typo_spacing_tablet":0,"ocean_menu_typo_spacing_mobile":0,"ocean_menu_typo_spacing_unit":"","ocean_menu_link_color":"","ocean_menu_link_color_hover":"","ocean_menu_link_color_active":"","ocean_menu_link_background":"","ocean_menu_link_hover_background":"","ocean_menu_link_active_background":"","ocean_menu_social_links_bg":"","ocean_menu_social_hover_links_bg":"","ocean_menu_social_links_color":"","ocean_menu_social_hover_links_color":"","ocean_disable_title":"on","ocean_disable_heading":"default","ocean_post_title":"","ocean_post_subheading":"","ocean_post_title_style":"","ocean_post_title_background_color":"","ocean_post_title_background":0,"ocean_post_title_bg_image_position":"","ocean_post_title_bg_image_attachment":"","ocean_post_title_bg_image_repeat":"","ocean_post_title_bg_image_size":"","ocean_post_title_height":0,"ocean_post_title_bg_overlay":0.5,"ocean_post_title_bg_overlay_color":"","ocean_disable_breadcrumbs":"default","ocean_breadcrumbs_color":"","ocean_breadcrumbs_separator_color":"","ocean_breadcrumbs_links_color":"","ocean_breadcrumbs_links_hover_color":"","ocean_display_footer_widgets":"default","ocean_display_footer_bottom":"default","ocean_custom_footer_template":"0","footnotes":""},"class_list":["post-223","page","type-page","status-publish","hentry","entry","owp-thumbs-layout-horizontal","owp-btn-normal","owp-tabs-layout-horizontal","has-no-thumbnails","has-product-nav"],"aioseo_notices":[],"_links":{"self":[{"href":"https:\/\/xn--allguer-alpenhonig-propolis-ekc.com\/index.php?rest_route=\/wp\/v2\/pages\/223","targetHints":{"allow":["GET"]}}],"collection":[{"href":"https:\/\/xn--allguer-alpenhonig-propolis-ekc.com\/index.php?rest_route=\/wp\/v2\/pages"}],"about":[{"href":"https:\/\/xn--allguer-alpenhonig-propolis-ekc.com\/index.php?rest_route=\/wp\/v2\/types\/page"}],"author":[{"embeddable":true,"href":"https:\/\/xn--allguer-alpenhonig-propolis-ekc.com\/index.php?rest_route=\/wp\/v2\/users\/1"}],"replies":[{"embeddable":true,"href":"https:\/\/xn--allguer-alpenhonig-propolis-ekc.com\/index.php?rest_route=%2Fwp%2Fv2%2Fcomments&post=223"}],"version-history":[{"count":7,"href":"https:\/\/xn--allguer-alpenhonig-propolis-ekc.com\/index.php?rest_route=\/wp\/v2\/pages\/223\/revisions"}],"predecessor-version":[{"id":414,"href":"https:\/\/xn--allguer-alpenhonig-propolis-ekc.com\/index.php?rest_route=\/wp\/v2\/pages\/223\/revisions\/414"}],"wp:attachment":[{"href":"https:\/\/xn--allguer-alpenhonig-propolis-ekc.com\/index.php?rest_route=%2Fwp%2Fv2%2Fmedia&parent=223"}],"curies":[{"name":"wp","href":"https:\/\/api.w.org\/{rel}","templated":true}]}}