{"id":263,"date":"2020-08-11T15:26:19","date_gmt":"2020-08-11T15:26:19","guid":{"rendered":"http:\/\/xn--allguer-alpenhonig-propolis-ekc.com\/?page_id=263"},"modified":"2023-05-24T09:07:33","modified_gmt":"2023-05-24T09:07:33","slug":"propolis","status":"publish","type":"page","link":"https:\/\/xn--allguer-alpenhonig-propolis-ekc.com\/?page_id=263","title":{"rendered":"Propolis"},"content":{"rendered":"\t\t<div data-elementor-type=\"wp-page\" data-elementor-id=\"263\" class=\"elementor elementor-263\" data-elementor-post-type=\"page\">\n\t\t\t\t\t\t<section class=\"elementor-section elementor-top-section elementor-element elementor-element-3db95fbb elementor-section-boxed elementor-section-height-default elementor-section-height-default\" data-id=\"3db95fbb\" data-element_type=\"section\">\n\t\t\t\t\t\t<div class=\"elementor-container elementor-column-gap-default\">\n\t\t\t\t\t<div class=\"elementor-column elementor-col-100 elementor-top-column elementor-element elementor-element-7c0f145\" data-id=\"7c0f145\" data-element_type=\"column\">\n\t\t\t<div class=\"elementor-widget-wrap elementor-element-populated\">\n\t\t\t\t\t\t<div class=\"elementor-element elementor-element-302c2f8d elementor-widget elementor-widget-heading\" data-id=\"302c2f8d\" data-element_type=\"widget\" data-widget_type=\"heading.default\">\n\t\t\t\t<div class=\"elementor-widget-container\">\n\t\t\t\t\t<h2 class=\"elementor-heading-title elementor-size-xl\">Propolis<\/h2>\t\t\t\t<\/div>\n\t\t\t\t<\/div>\n\t\t\t\t\t<\/div>\n\t\t<\/div>\n\t\t\t\t\t<\/div>\n\t\t<\/section>\n\t\t\t\t<section class=\"elementor-section elementor-top-section elementor-element elementor-element-789714b7 elementor-section-boxed elementor-section-height-default elementor-section-height-default\" data-id=\"789714b7\" data-element_type=\"section\">\n\t\t\t\t\t\t<div class=\"elementor-container elementor-column-gap-default\">\n\t\t\t\t\t<div class=\"elementor-column elementor-col-100 elementor-top-column elementor-element elementor-element-11fc7e6f\" data-id=\"11fc7e6f\" data-element_type=\"column\">\n\t\t\t<div class=\"elementor-widget-wrap elementor-element-populated\">\n\t\t\t\t\t\t<div class=\"elementor-element elementor-element-6b1db236 elementor-widget elementor-widget-heading\" data-id=\"6b1db236\" data-element_type=\"widget\" data-widget_type=\"heading.default\">\n\t\t\t\t<div class=\"elementor-widget-container\">\n\t\t\t\t\t<h2 class=\"elementor-heading-title elementor-size-default\">Propolis oder auch Kittharz genannt, wird abgeleitet von den griechischen W\u00f6rtern \u201epro\u201c = vor und \u201epolis\u201c = die Stadt.<\/h2>\t\t\t\t<\/div>\n\t\t\t\t<\/div>\n\t\t\t\t\t<\/div>\n\t\t<\/div>\n\t\t\t\t\t<\/div>\n\t\t<\/section>\n\t\t\t\t<section class=\"elementor-section elementor-top-section elementor-element elementor-element-4683b7e6 elementor-section-boxed elementor-section-height-default elementor-section-height-default\" data-id=\"4683b7e6\" data-element_type=\"section\">\n\t\t\t\t\t\t<div class=\"elementor-container elementor-column-gap-default\">\n\t\t\t\t\t<div class=\"elementor-column elementor-col-33 elementor-top-column elementor-element elementor-element-33438202\" data-id=\"33438202\" data-element_type=\"column\">\n\t\t\t<div class=\"elementor-widget-wrap elementor-element-populated\">\n\t\t\t\t\t\t<div class=\"elementor-element elementor-element-2bb794d8 elementor-widget elementor-widget-image\" data-id=\"2bb794d8\" data-element_type=\"widget\" data-widget_type=\"image.default\">\n\t\t\t\t<div class=\"elementor-widget-container\">\n\t\t\t\t\t\t\t\t\t\t\t\t\t\t\t<img fetchpriority=\"high\" decoding=\"async\" width=\"970\" height=\"1024\" src=\"https:\/\/xn--allguer-alpenhonig-propolis-ekc.com\/wp-content\/uploads\/2020\/04\/Bienen_Propolis_NEU-970x1024.jpg\" class=\"attachment-large size-large wp-image-38\" alt=\"propolis\" srcset=\"https:\/\/xn--allguer-alpenhonig-propolis-ekc.com\/wp-content\/uploads\/2020\/04\/Bienen_Propolis_NEU-970x1024.jpg 970w, https:\/\/xn--allguer-alpenhonig-propolis-ekc.com\/wp-content\/uploads\/2020\/04\/Bienen_Propolis_NEU-600x633.jpg 600w, https:\/\/xn--allguer-alpenhonig-propolis-ekc.com\/wp-content\/uploads\/2020\/04\/Bienen_Propolis_NEU-284x300.jpg 284w, https:\/\/xn--allguer-alpenhonig-propolis-ekc.com\/wp-content\/uploads\/2020\/04\/Bienen_Propolis_NEU-768x810.jpg 768w, https:\/\/xn--allguer-alpenhonig-propolis-ekc.com\/wp-content\/uploads\/2020\/04\/Bienen_Propolis_NEU-1456x1536.jpg 1456w, https:\/\/xn--allguer-alpenhonig-propolis-ekc.com\/wp-content\/uploads\/2020\/04\/Bienen_Propolis_NEU.jpg 1594w\" sizes=\"(max-width: 970px) 100vw, 970px\" \/>\t\t\t\t\t\t\t\t\t\t\t\t\t\t\t<\/div>\n\t\t\t\t<\/div>\n\t\t\t\t\t<\/div>\n\t\t<\/div>\n\t\t\t\t<div class=\"elementor-column elementor-col-66 elementor-top-column elementor-element elementor-element-6f5c4cc1\" data-id=\"6f5c4cc1\" data-element_type=\"column\">\n\t\t\t<div class=\"elementor-widget-wrap elementor-element-populated\">\n\t\t\t\t\t\t<div class=\"elementor-element elementor-element-23d3e16b elementor-widget elementor-widget-text-editor\" data-id=\"23d3e16b\" data-element_type=\"widget\" data-widget_type=\"text-editor.default\">\n\t\t\t\t<div class=\"elementor-widget-container\">\n\t\t\t\t\t\t\t\t\t<p>Gemeint ist die Verteidigung der Stadt und bezeichnet die harzige Substanz, mit der die Bienen unter anderem den Eingang zu ihrem Bienenstock zum Schutz gegen Eindringlinge verengen und gl\u00e4tten.<\/p><p>Den keimt\u00f6tenden und antibiotischen Inhaltssto\ufb00en des Propolis verdanken die Bienen das gesunde Zusammenleben auf engstem Raum, sodass sehr selten Infektionen oder Seuchen durch Viren, Bakterien oder Pilze ausbrechen.<\/p><p>Da Propolis ein Naturprodukt ist schwankt die Zusammensetzung abh\u00e4ngig von P\ufb02anzenquelle und Jahreszeit. Es besteht aus etwa 150 zum Teil unerforschten unterschiedlichen Substanzen: 50-59% Harz, 5-30% Bienenwachs, 10% \ufb02\u00fcchtige, \u00e4therische \u00d6le, 8-10% Bl\u00fctenpollen, Vitaminen, Fetts\u00e4uren, Flavonoide, Mineralien und Spurenelementen, Polysacchariden und fremde Bestandteilen, aus anderen Bestandteilen des Pollens und weiteren organischen Materialien.<\/p>\t\t\t\t\t\t\t\t<\/div>\n\t\t\t\t<\/div>\n\t\t\t\t\t<\/div>\n\t\t<\/div>\n\t\t\t\t\t<\/div>\n\t\t<\/section>\n\t\t\t\t<section class=\"elementor-section elementor-top-section elementor-element elementor-element-5de2ead elementor-section-boxed elementor-section-height-default elementor-section-height-default\" data-id=\"5de2ead\" data-element_type=\"section\">\n\t\t\t\t\t\t<div class=\"elementor-container elementor-column-gap-default\">\n\t\t\t\t\t<div class=\"elementor-column elementor-col-33 elementor-top-column elementor-element elementor-element-300496e\" data-id=\"300496e\" data-element_type=\"column\">\n\t\t\t<div class=\"elementor-widget-wrap elementor-element-populated\">\n\t\t\t\t\t\t<div class=\"elementor-element elementor-element-198ba8e elementor-widget elementor-widget-image\" data-id=\"198ba8e\" data-element_type=\"widget\" data-widget_type=\"image.default\">\n\t\t\t\t<div class=\"elementor-widget-container\">\n\t\t\t\t\t\t\t\t\t\t\t\t\t\t\t<img decoding=\"async\" width=\"1024\" height=\"768\" src=\"https:\/\/xn--allguer-alpenhonig-propolis-ekc.com\/wp-content\/uploads\/2020\/04\/WhatsApp-Image-2019-03-07-at-14.16.513_002.jpg\" class=\"attachment-large size-large wp-image-46\" alt=\"\" srcset=\"https:\/\/xn--allguer-alpenhonig-propolis-ekc.com\/wp-content\/uploads\/2020\/04\/WhatsApp-Image-2019-03-07-at-14.16.513_002.jpg 1024w, https:\/\/xn--allguer-alpenhonig-propolis-ekc.com\/wp-content\/uploads\/2020\/04\/WhatsApp-Image-2019-03-07-at-14.16.513_002-600x450.jpg 600w, https:\/\/xn--allguer-alpenhonig-propolis-ekc.com\/wp-content\/uploads\/2020\/04\/WhatsApp-Image-2019-03-07-at-14.16.513_002-300x225.jpg 300w, https:\/\/xn--allguer-alpenhonig-propolis-ekc.com\/wp-content\/uploads\/2020\/04\/WhatsApp-Image-2019-03-07-at-14.16.513_002-768x576.jpg 768w\" sizes=\"(max-width: 1024px) 100vw, 1024px\" \/>\t\t\t\t\t\t\t\t\t\t\t\t\t\t\t<\/div>\n\t\t\t\t<\/div>\n\t\t\t\t\t<\/div>\n\t\t<\/div>\n\t\t\t\t<div class=\"elementor-column elementor-col-66 elementor-top-column elementor-element elementor-element-3d59562\" data-id=\"3d59562\" data-element_type=\"column\">\n\t\t\t<div class=\"elementor-widget-wrap elementor-element-populated\">\n\t\t\t\t\t\t<div class=\"elementor-element elementor-element-9c57717 elementor-widget elementor-widget-text-editor\" data-id=\"9c57717\" data-element_type=\"widget\" data-widget_type=\"text-editor.default\">\n\t\t\t\t<div class=\"elementor-widget-container\">\n\t\t\t\t\t\t\t\t\t<p class=\"p1\"><span class=\"s1\">Was f\u00fcr mich sehr wichtig ist, ist die Gewinnung von <span class=\"s2\" style=\"color: #333333;\">Propolis <\/span>aus diesem Hochalpengebiet fern jeder Zivilisation. Die Bienen besuchen \u00fcber 700 Pflanzenarten. Bl\u00fctenknospen mit antibiotischer, antiviraler und antimykotischer Eigenschaft laut Wikipedia. Schon sehr fr\u00fch sammelte und las ich wissbegierig alte Literatur \u00fcber die Bienenzucht und die Heilkraft aus dem Bienenvolk und tauschte mich mit erfahrenen Imkern aus. Dabei hielt ich mir immer den alten Spruch vor Augen \u201ePr\u00fcfe alles und das Gute behalte\u201c. In diesem Zusammenhang las und h\u00f6rte ich viel von dem <span class=\"s2\" style=\"color: #333333;\">Wundermittel<\/span> Propolis. Nach der \u00dcberlieferung soll der Geigenbauer Stradivari seine Geigen damit behandelt haben. Vor allem begeisterte mich aber die dreifache Eigenschaft von <span class=\"s2\" style=\"color: #333333;\">Propolis<\/span> als nat\u00fcrliches Antibiotika und als Mittel gegen Viren und Pilze.<\/span><\/p><p class=\"p1\"><span style=\"background-color: rgba(255, 255, 255, 0);\"><span class=\"s1\">Deshalb sammelte ich alles, was ich \u00fcber <span class=\"s2\" style=\"color: #333333;\">Propolis<\/span> erfahren konnte, wie zum Beispiel Rezepte aus sehr alten B\u00fcchern \u2013 bis zur\u00fcck ins 16. Jahrhundert \u2013 und bewahrte dieses Wissen wie einen kleinen Schatz auf, da zu dieser Zeit von der Allgemeinheit so gut wie kein Interesse an diesem<\/span><\/span> Wundermittel<span style=\"background-color: rgba(255, 255, 255, 0);\"><span class=\"s1\"> bestand.<\/span><\/span><\/p>\t\t\t\t\t\t\t\t<\/div>\n\t\t\t\t<\/div>\n\t\t\t\t\t<\/div>\n\t\t<\/div>\n\t\t\t\t\t<\/div>\n\t\t<\/section>\n\t\t\t\t<section class=\"elementor-section elementor-top-section elementor-element elementor-element-55f04d8 elementor-section-boxed elementor-section-height-default elementor-section-height-default\" data-id=\"55f04d8\" data-element_type=\"section\">\n\t\t\t\t\t\t<div class=\"elementor-container elementor-column-gap-default\">\n\t\t\t\t\t<div class=\"elementor-column elementor-col-100 elementor-top-column elementor-element elementor-element-9c7aa8d\" data-id=\"9c7aa8d\" data-element_type=\"column\">\n\t\t\t<div class=\"elementor-widget-wrap elementor-element-populated\">\n\t\t\t\t\t\t<div class=\"elementor-element elementor-element-08bcbd8 elementor-widget-divider--view-line elementor-widget elementor-widget-divider\" data-id=\"08bcbd8\" data-element_type=\"widget\" data-widget_type=\"divider.default\">\n\t\t\t\t<div class=\"elementor-widget-container\">\n\t\t\t\t\t\t\t<div class=\"elementor-divider\">\n\t\t\t<span class=\"elementor-divider-separator\">\n\t\t\t\t\t\t<\/span>\n\t\t<\/div>\n\t\t\t\t\t\t<\/div>\n\t\t\t\t<\/div>\n\t\t\t\t\t<\/div>\n\t\t<\/div>\n\t\t\t\t\t<\/div>\n\t\t<\/section>\n\t\t\t\t<section class=\"elementor-section elementor-top-section elementor-element elementor-element-20630601 elementor-section-boxed elementor-section-height-default elementor-section-height-default\" data-id=\"20630601\" data-element_type=\"section\">\n\t\t\t\t\t\t<div class=\"elementor-container elementor-column-gap-default\">\n\t\t\t\t\t<div class=\"elementor-column elementor-col-100 elementor-top-column elementor-element elementor-element-1a145bff\" data-id=\"1a145bff\" data-element_type=\"column\">\n\t\t\t<div class=\"elementor-widget-wrap elementor-element-populated\">\n\t\t\t\t\t\t<div class=\"elementor-element elementor-element-442b1608 elementor-widget elementor-widget-text-editor\" data-id=\"442b1608\" data-element_type=\"widget\" data-widget_type=\"text-editor.default\">\n\t\t\t\t<div class=\"elementor-widget-container\">\n\t\t\t\t\t\t\t\t\t<p>Entscheidend war nun f\u00fcr mich war eine ganz pers\u00f6nliche Erfahrung bei einem 70j\u00e4hrigen Jagdfreund. Der bei der geringsten Anstrengung hustete und au\u00dfer Atem war, ich sprach ihn darauf an ober er es nicht auf der Lunge habe , die Antwort war ja ich nehme schon Antibiotika und ich erwiderte das hilft wohl nicht so richtig . Darauf hin versprach ich ihm eine Propolisl\u00f6sung nach einem alten Rezept herzustellen, nach drei Tage\u00a0 fragte ich ihn ob eine Besserung sp\u00fcrte , ja er bek\u00e4me schon besser Luft, aber viel wichtiger seine massiven Darmprobleme aufgrund der Einnahme von\u00a0 Tabletten waren pl\u00f6tzlich weg . Das machte mich stutzig und ich googelte mal ..Darmprobleme\u00a0 Propolis&#8230;und hier wurde ich sofort f\u00fcndig , das hier Propolis sehr gut bei Darmproblemen helfen kann . Es dauerte nicht lange das aus seinem Bekanntenkreis die erste schon nach diesem Propolis fragten . Und so wurde ich gezwungen diese Propolis-Tinktur herzustellen .Vom gro\u00dfen Einfluss des Propolis \u00fcberzeugt, ging es dann wie bei einem Schneeballsystem weiter: Ich stellte diese spezielle Tinktur auch immer wieder her, weil auch die allgemeine Nachfrage stark zunahm. Monate sp\u00e4ter erfuhr ich, dass es meinem Jagdfreund\u00a0 erneut schlecht ging wegen der h\u00e4ufigen Herz Untersuchungen mit Kontrastmitteln,wurden\u00a0 beide Nieren stark gesch\u00e4digt . Nach einer Tortur Dialyseger\u00e4t ein &#8211; ausbau\u00a0 Darmverletzung, k\u00fcnstlicher Ausgang usw.<\/p><p>,Ein ehemals kr\u00e4ftiger Mann war kraftlos und abgemagert. Die \u00c4rzte hatten ihn bereits aufgegeben und entlie\u00dfen ihn nach Hause, weil sie meinten, dass er nur drei Wochen leben wird.<\/p><p>Nun war ich kein Wunderheiler, aber ich wusste vom vielen Lesen auch einiges \u00fcber die st\u00e4rkende Wirkung des Wundermittels Bienenbrot bzw. Perga. (Bienenbrot ist der Pollen von Pflanzen (Bl\u00fctenstaub), der von den Bienen gesammelt, bearbeitet, eingelagert und fermentiert wird. Es dient der Biene als Nahrungsquelle.) Trotz des gro\u00dfen Aufwands bei der Herstellung von Bienenbrot versprach ich ihm eine Mischung aus Bienenbrot, Gelee Royal und Honig zusammenzustellen. Er war dankbar und a\u00df t\u00e4glich einen L\u00f6ffel davon. Nach einigen Monaten hat das Bienenbrot die selbstheilenden Kr\u00e4fte in ihm aktiviert und er kam wieder zu Kr\u00e4ften. Nach ca 8 Monaten flogen wir zusammen nach S\u00fcdafrika auf seine Jagdfarm , das war f\u00fcr die ganze Familie wie ein Wunder . Und somit nahm auch meine umfangreiche Herstellung von Bienenbrot aufgrund der gro\u00dfen Nachfrage ihren Lauf.\u00a0\u00a0<\/p>\t\t\t\t\t\t\t\t<\/div>\n\t\t\t\t<\/div>\n\t\t\t\t\t<\/div>\n\t\t<\/div>\n\t\t\t\t\t<\/div>\n\t\t<\/section>\n\t\t\t\t<section class=\"elementor-section elementor-top-section elementor-element elementor-element-ae04a66 elementor-section-boxed elementor-section-height-default elementor-section-height-default\" data-id=\"ae04a66\" data-element_type=\"section\">\n\t\t\t\t\t\t<div class=\"elementor-container elementor-column-gap-default\">\n\t\t\t\t\t<div class=\"elementor-column elementor-col-100 elementor-top-column elementor-element elementor-element-5fc0cd5\" data-id=\"5fc0cd5\" data-element_type=\"column\">\n\t\t\t<div class=\"elementor-widget-wrap elementor-element-populated\">\n\t\t\t\t\t\t<div class=\"elementor-element elementor-element-ec176c3 elementor-widget-divider--view-line elementor-widget elementor-widget-divider\" data-id=\"ec176c3\" data-element_type=\"widget\" data-widget_type=\"divider.default\">\n\t\t\t\t<div class=\"elementor-widget-container\">\n\t\t\t\t\t\t\t<div class=\"elementor-divider\">\n\t\t\t<span class=\"elementor-divider-separator\">\n\t\t\t\t\t\t<\/span>\n\t\t<\/div>\n\t\t\t\t\t\t<\/div>\n\t\t\t\t<\/div>\n\t\t\t\t\t<\/div>\n\t\t<\/div>\n\t\t\t\t\t<\/div>\n\t\t<\/section>\n\t\t\t\t<section class=\"elementor-section elementor-top-section elementor-element elementor-element-2c269f4d elementor-section-boxed elementor-section-height-default elementor-section-height-default\" data-id=\"2c269f4d\" data-element_type=\"section\">\n\t\t\t\t\t\t<div class=\"elementor-container elementor-column-gap-default\">\n\t\t\t\t\t<div class=\"elementor-column elementor-col-33 elementor-top-column elementor-element elementor-element-7be4f4f5\" data-id=\"7be4f4f5\" data-element_type=\"column\">\n\t\t\t<div class=\"elementor-widget-wrap elementor-element-populated\">\n\t\t\t\t\t\t<div class=\"elementor-element elementor-element-805e680 elementor-widget elementor-widget-image\" data-id=\"805e680\" data-element_type=\"widget\" data-widget_type=\"image.default\">\n\t\t\t\t<div class=\"elementor-widget-container\">\n\t\t\t\t\t\t\t\t\t\t\t\t\t\t\t<img decoding=\"async\" width=\"772\" height=\"768\" src=\"https:\/\/xn--allguer-alpenhonig-propolis-ekc.com\/wp-content\/uploads\/2020\/08\/Propoliskonzentrat.jpg\" class=\"attachment-large size-large wp-image-278\" alt=\"\" srcset=\"https:\/\/xn--allguer-alpenhonig-propolis-ekc.com\/wp-content\/uploads\/2020\/08\/Propoliskonzentrat.jpg 772w, https:\/\/xn--allguer-alpenhonig-propolis-ekc.com\/wp-content\/uploads\/2020\/08\/Propoliskonzentrat-300x298.jpg 300w, https:\/\/xn--allguer-alpenhonig-propolis-ekc.com\/wp-content\/uploads\/2020\/08\/Propoliskonzentrat-150x150.jpg 150w, https:\/\/xn--allguer-alpenhonig-propolis-ekc.com\/wp-content\/uploads\/2020\/08\/Propoliskonzentrat-768x764.jpg 768w, https:\/\/xn--allguer-alpenhonig-propolis-ekc.com\/wp-content\/uploads\/2020\/08\/Propoliskonzentrat-600x597.jpg 600w, https:\/\/xn--allguer-alpenhonig-propolis-ekc.com\/wp-content\/uploads\/2020\/08\/Propoliskonzentrat-100x100.jpg 100w\" sizes=\"(max-width: 772px) 100vw, 772px\" \/>\t\t\t\t\t\t\t\t\t\t\t\t\t\t\t<\/div>\n\t\t\t\t<\/div>\n\t\t\t\t\t<\/div>\n\t\t<\/div>\n\t\t\t\t<div class=\"elementor-column elementor-col-66 elementor-top-column elementor-element elementor-element-6535dd16\" data-id=\"6535dd16\" data-element_type=\"column\">\n\t\t\t<div class=\"elementor-widget-wrap elementor-element-populated\">\n\t\t\t\t\t\t<div class=\"elementor-element elementor-element-46b55e48 elementor-widget elementor-widget-text-editor\" data-id=\"46b55e48\" data-element_type=\"widget\" data-widget_type=\"text-editor.default\">\n\t\t\t\t<div class=\"elementor-widget-container\">\n\t\t\t\t\t\t\t\t\t<h3>ANWENDUNGSBEREICHE VON PROPOLIS<\/h3><p>Unter folgenden Links finden Sie die zahlreichen Einsatzgebiete von Propolis<\/p><p><a href=\"https:\/\/de.wikipedia.org\/wiki\/Propolis\">https:\/\/de.wikipedia.org\/wiki\/Propolis<\/a><\/p><p><a href=\"https:\/\/www.eatmovefeel.de\/propolis\/\">https:\/\/www.eatmovefeel.de\/propolis\/<\/a><\/p><p><a href=\"https:\/\/propolis-wirkt.de\/anwendung\/innerlich\">https:\/\/propolis-wirkt.de\/anwendung\/innerlich<\/a><\/p>\t\t\t\t\t\t\t\t<\/div>\n\t\t\t\t<\/div>\n\t\t\t\t\t<\/div>\n\t\t<\/div>\n\t\t\t\t\t<\/div>\n\t\t<\/section>\n\t\t\t\t<\/div>\n\t\t","protected":false},"excerpt":{"rendered":"<p>Propolis Propolis oder auch Kittharz genannt, wird abgeleitet von den griechischen W\u00f6rtern \u201epro\u201c = vor und \u201epolis\u201c = die Stadt. Gemeint ist die Verteidigung der Stadt und bezeichnet die harzige Substanz, mit der die Bienen unter anderem den Eingang zu ihrem Bienenstock zum Schutz gegen Eindringlinge verengen und gl\u00e4tten. Den keimt\u00f6tenden und antibiotischen Inhaltssto\ufb00en des [&hellip;]<\/p>\n","protected":false},"author":1,"featured_media":0,"parent":0,"menu_order":0,"comment_status":"closed","ping_status":"closed","template":"","meta":{"ocean_post_layout":"full-screen","ocean_both_sidebars_style":"","ocean_both_sidebars_content_width":0,"ocean_both_sidebars_sidebars_width":0,"ocean_sidebar":"0","ocean_second_sidebar":"0","ocean_disable_margins":"enable","ocean_add_body_class":"","ocean_shortcode_before_top_bar":"","ocean_shortcode_after_top_bar":"","ocean_shortcode_before_header":"","ocean_shortcode_after_header":"","ocean_has_shortcode":"","ocean_shortcode_after_title":"","ocean_shortcode_before_footer_widgets":"","ocean_shortcode_after_footer_widgets":"","ocean_shortcode_before_footer_bottom":"","ocean_shortcode_after_footer_bottom":"","ocean_display_top_bar":"off","ocean_display_header":"default","ocean_header_style":"","ocean_center_header_left_menu":"0","ocean_custom_header_template":"0","ocean_custom_logo":0,"ocean_custom_retina_logo":0,"ocean_custom_logo_max_width":0,"ocean_custom_logo_tablet_max_width":0,"ocean_custom_logo_mobile_max_width":0,"ocean_custom_logo_max_height":0,"ocean_custom_logo_tablet_max_height":0,"ocean_custom_logo_mobile_max_height":0,"ocean_header_custom_menu":"0","ocean_menu_typo_font_family":"0","ocean_menu_typo_font_subset":"","ocean_menu_typo_font_size":0,"ocean_menu_typo_font_size_tablet":0,"ocean_menu_typo_font_size_mobile":0,"ocean_menu_typo_font_size_unit":"px","ocean_menu_typo_font_weight":"","ocean_menu_typo_font_weight_tablet":"","ocean_menu_typo_font_weight_mobile":"","ocean_menu_typo_transform":"","ocean_menu_typo_transform_tablet":"","ocean_menu_typo_transform_mobile":"","ocean_menu_typo_line_height":0,"ocean_menu_typo_line_height_tablet":0,"ocean_menu_typo_line_height_mobile":0,"ocean_menu_typo_line_height_unit":"","ocean_menu_typo_spacing":0,"ocean_menu_typo_spacing_tablet":0,"ocean_menu_typo_spacing_mobile":0,"ocean_menu_typo_spacing_unit":"","ocean_menu_link_color":"","ocean_menu_link_color_hover":"","ocean_menu_link_color_active":"","ocean_menu_link_background":"","ocean_menu_link_hover_background":"","ocean_menu_link_active_background":"","ocean_menu_social_links_bg":"","ocean_menu_social_hover_links_bg":"","ocean_menu_social_links_color":"","ocean_menu_social_hover_links_color":"","ocean_disable_title":"on","ocean_disable_heading":"default","ocean_post_title":"","ocean_post_subheading":"","ocean_post_title_style":"","ocean_post_title_background_color":"","ocean_post_title_background":0,"ocean_post_title_bg_image_position":"","ocean_post_title_bg_image_attachment":"","ocean_post_title_bg_image_repeat":"","ocean_post_title_bg_image_size":"","ocean_post_title_height":0,"ocean_post_title_bg_overlay":0.5,"ocean_post_title_bg_overlay_color":"","ocean_disable_breadcrumbs":"default","ocean_breadcrumbs_color":"","ocean_breadcrumbs_separator_color":"","ocean_breadcrumbs_links_color":"","ocean_breadcrumbs_links_hover_color":"","ocean_display_footer_widgets":"default","ocean_display_footer_bottom":"default","ocean_custom_footer_template":"0","footnotes":""},"class_list":["post-263","page","type-page","status-publish","hentry","entry","owp-thumbs-layout-horizontal","owp-btn-normal","owp-tabs-layout-horizontal","has-no-thumbnails","has-product-nav"],"aioseo_notices":[],"_links":{"self":[{"href":"https:\/\/xn--allguer-alpenhonig-propolis-ekc.com\/index.php?rest_route=\/wp\/v2\/pages\/263","targetHints":{"allow":["GET"]}}],"collection":[{"href":"https:\/\/xn--allguer-alpenhonig-propolis-ekc.com\/index.php?rest_route=\/wp\/v2\/pages"}],"about":[{"href":"https:\/\/xn--allguer-alpenhonig-propolis-ekc.com\/index.php?rest_route=\/wp\/v2\/types\/page"}],"author":[{"embeddable":true,"href":"https:\/\/xn--allguer-alpenhonig-propolis-ekc.com\/index.php?rest_route=\/wp\/v2\/users\/1"}],"replies":[{"embeddable":true,"href":"https:\/\/xn--allguer-alpenhonig-propolis-ekc.com\/index.php?rest_route=%2Fwp%2Fv2%2Fcomments&post=263"}],"version-history":[{"count":17,"href":"https:\/\/xn--allguer-alpenhonig-propolis-ekc.com\/index.php?rest_route=\/wp\/v2\/pages\/263\/revisions"}],"predecessor-version":[{"id":1324,"href":"https:\/\/xn--allguer-alpenhonig-propolis-ekc.com\/index.php?rest_route=\/wp\/v2\/pages\/263\/revisions\/1324"}],"wp:attachment":[{"href":"https:\/\/xn--allguer-alpenhonig-propolis-ekc.com\/index.php?rest_route=%2Fwp%2Fv2%2Fmedia&parent=263"}],"curies":[{"name":"wp","href":"https:\/\/api.w.org\/{rel}","templated":true}]}}