{"id":282,"date":"2020-08-11T15:53:13","date_gmt":"2020-08-11T15:53:13","guid":{"rendered":"http:\/\/xn--allguer-alpenhonig-propolis-ekc.com\/?page_id=282"},"modified":"2021-08-12T11:33:10","modified_gmt":"2021-08-12T11:33:10","slug":"wissenswertes-ueber-propolis","status":"publish","type":"page","link":"https:\/\/xn--allguer-alpenhonig-propolis-ekc.com\/?page_id=282","title":{"rendered":"Wissenswertes \u00fcber Propolis"},"content":{"rendered":"\t\t<div data-elementor-type=\"wp-page\" data-elementor-id=\"282\" class=\"elementor elementor-282\" data-elementor-post-type=\"page\">\n\t\t\t\t\t\t<section class=\"elementor-section elementor-top-section elementor-element elementor-element-4a025de5 elementor-section-boxed elementor-section-height-default elementor-section-height-default\" data-id=\"4a025de5\" data-element_type=\"section\">\n\t\t\t\t\t\t<div class=\"elementor-container elementor-column-gap-default\">\n\t\t\t\t\t<div class=\"elementor-column elementor-col-100 elementor-top-column elementor-element elementor-element-e14466e\" data-id=\"e14466e\" data-element_type=\"column\">\n\t\t\t<div class=\"elementor-widget-wrap elementor-element-populated\">\n\t\t\t\t\t\t<div class=\"elementor-element elementor-element-4c828910 elementor-widget elementor-widget-heading\" data-id=\"4c828910\" data-element_type=\"widget\" data-widget_type=\"heading.default\">\n\t\t\t\t<div class=\"elementor-widget-container\">\n\t\t\t\t\t<h2 class=\"elementor-heading-title elementor-size-xl\">Wissenswertes \u00fcber Propolis<\/h2>\t\t\t\t<\/div>\n\t\t\t\t<\/div>\n\t\t\t\t\t<\/div>\n\t\t<\/div>\n\t\t\t\t\t<\/div>\n\t\t<\/section>\n\t\t\t\t<section class=\"elementor-section elementor-top-section elementor-element elementor-element-5d35aab2 elementor-section-boxed elementor-section-height-default elementor-section-height-default\" data-id=\"5d35aab2\" data-element_type=\"section\">\n\t\t\t\t\t\t<div class=\"elementor-container elementor-column-gap-default\">\n\t\t\t\t\t<div class=\"elementor-column elementor-col-33 elementor-top-column elementor-element elementor-element-7ca423ce\" data-id=\"7ca423ce\" data-element_type=\"column\">\n\t\t\t<div class=\"elementor-widget-wrap elementor-element-populated\">\n\t\t\t\t\t\t<div class=\"elementor-element elementor-element-5ad791d1 elementor-widget elementor-widget-image\" data-id=\"5ad791d1\" data-element_type=\"widget\" data-widget_type=\"image.default\">\n\t\t\t\t<div class=\"elementor-widget-container\">\n\t\t\t\t\t\t\t\t\t\t\t\t\t\t\t<img fetchpriority=\"high\" decoding=\"async\" width=\"996\" height=\"768\" src=\"https:\/\/xn--allguer-alpenhonig-propolis-ekc.com\/wp-content\/uploads\/2020\/08\/image1.jpg\" class=\"attachment-large size-large wp-image-285\" alt=\"\" srcset=\"https:\/\/xn--allguer-alpenhonig-propolis-ekc.com\/wp-content\/uploads\/2020\/08\/image1.jpg 996w, https:\/\/xn--allguer-alpenhonig-propolis-ekc.com\/wp-content\/uploads\/2020\/08\/image1-300x231.jpg 300w, https:\/\/xn--allguer-alpenhonig-propolis-ekc.com\/wp-content\/uploads\/2020\/08\/image1-768x592.jpg 768w, https:\/\/xn--allguer-alpenhonig-propolis-ekc.com\/wp-content\/uploads\/2020\/08\/image1-600x463.jpg 600w\" sizes=\"(max-width: 996px) 100vw, 996px\" \/>\t\t\t\t\t\t\t\t\t\t\t\t\t\t\t<\/div>\n\t\t\t\t<\/div>\n\t\t\t\t\t<\/div>\n\t\t<\/div>\n\t\t\t\t<div class=\"elementor-column elementor-col-66 elementor-top-column elementor-element elementor-element-77b9a275\" data-id=\"77b9a275\" data-element_type=\"column\">\n\t\t\t<div class=\"elementor-widget-wrap elementor-element-populated\">\n\t\t\t\t\t\t<div class=\"elementor-element elementor-element-1b845524 elementor-widget elementor-widget-text-editor\" data-id=\"1b845524\" data-element_type=\"widget\" data-widget_type=\"text-editor.default\">\n\t\t\t\t<div class=\"elementor-widget-container\">\n\t\t\t\t\t\t\t\t\t<h2>Unser Propolis ist kein X-beliebiges Propolis. Warum?<\/h2><p>Unsere Bienen sammeln es von unz\u00e4hligen Pflanzen in einer unber\u00fchrten Natur aus verschiedenen Regionen des Allg\u00e4us und mindestens zu 50% aus den Hochgebirgsh\u00f6hen von Oberstdorf\/Fellhorn, je vielseitiger die Herkunft des Propolis, umso wertvoller die Inhaltsstoffe .<\/p><p>Das Propolis wird nach einem sehr alten Apitherapie Rezept in reinem 96% Weingeist gel\u00f6st, danach wird der Rest nochmal in einer ganz niedrigen Alkoholl\u00f6sung mit Kr\u00e4uterausz\u00fcgen versetzt, um die sehr wertvollen Bio-Flavonoide, welche n\u00e4mlich nur wasserl\u00f6slich sind, herauszul\u00f6sen (Dies wird leider sehr oft aus Unwissenheit \u00fcbersehen). Der Gro\u00dfteil des Alkohols wird durch Verdunstung reduziert und mit der schw\u00e4cheren Flavonoiden-L\u00f6sung zu einer angenehm einzunehmenden Tinktur verschnitten .<\/p>\t\t\t\t\t\t\t\t<\/div>\n\t\t\t\t<\/div>\n\t\t\t\t\t<\/div>\n\t\t<\/div>\n\t\t\t\t\t<\/div>\n\t\t<\/section>\n\t\t\t\t<section class=\"elementor-section elementor-top-section elementor-element elementor-element-62495eb8 elementor-section-boxed elementor-section-height-default elementor-section-height-default\" data-id=\"62495eb8\" data-element_type=\"section\">\n\t\t\t\t\t\t<div class=\"elementor-container elementor-column-gap-default\">\n\t\t\t\t\t<div class=\"elementor-column elementor-col-33 elementor-top-column elementor-element elementor-element-7898b2fa\" data-id=\"7898b2fa\" data-element_type=\"column\">\n\t\t\t<div class=\"elementor-widget-wrap elementor-element-populated\">\n\t\t\t\t\t\t<div class=\"elementor-element elementor-element-2f89ee73 elementor-widget elementor-widget-image\" data-id=\"2f89ee73\" data-element_type=\"widget\" data-widget_type=\"image.default\">\n\t\t\t\t<div class=\"elementor-widget-container\">\n\t\t\t\t\t\t\t\t\t\t\t\t\t\t\t<img decoding=\"async\" width=\"225\" height=\"300\" src=\"https:\/\/xn--allguer-alpenhonig-propolis-ekc.com\/wp-content\/uploads\/2020\/08\/Propolis-Tinktur-ohne-Alk-klein-225x300.jpg\" class=\"attachment-medium size-medium wp-image-286\" alt=\"\" srcset=\"https:\/\/xn--allguer-alpenhonig-propolis-ekc.com\/wp-content\/uploads\/2020\/08\/Propolis-Tinktur-ohne-Alk-klein-225x300.jpg 225w, https:\/\/xn--allguer-alpenhonig-propolis-ekc.com\/wp-content\/uploads\/2020\/08\/Propolis-Tinktur-ohne-Alk-klein.jpg 576w\" sizes=\"(max-width: 225px) 100vw, 225px\" \/>\t\t\t\t\t\t\t\t\t\t\t\t\t\t\t<\/div>\n\t\t\t\t<\/div>\n\t\t\t\t\t<\/div>\n\t\t<\/div>\n\t\t\t\t<div class=\"elementor-column elementor-col-66 elementor-top-column elementor-element elementor-element-6f410740\" data-id=\"6f410740\" data-element_type=\"column\">\n\t\t\t<div class=\"elementor-widget-wrap elementor-element-populated\">\n\t\t\t\t\t\t<div class=\"elementor-element elementor-element-637e7b77 elementor-widget elementor-widget-text-editor\" data-id=\"637e7b77\" data-element_type=\"widget\" data-widget_type=\"text-editor.default\">\n\t\t\t\t<div class=\"elementor-widget-container\">\n\t\t\t\t\t\t\t\t\t<h2>Die reine Propolistinktur, mit geringem Alkoholgehalt und Gel\u00e9e Royale<\/h2><p>Laut ALKOHOLMETER zeigt die fertige L\u00f6sung auf 0 an.<\/p><p>Das bemerken Sie bei der Einnahme des Propolis, die Geschmackssch\u00e4rfe stammt vom Propolis und ist nicht wie so oft angeboten der hochprozentige Alkohol.<\/p><p>Propolis mit Gel\u00e9e Royale unterscheidet sich dadurch, dass es nach einer alt \u00fcberlieferten Rezeptur, mit Gel\u00e9e Royale, Alpenbl\u00fctenhonig und hochkonzentrierten Reinpropolis mit sehr wenig Alkoholgehalt, zu einer wohlschmeckenden L\u00f6sung gemischt wird. Das macht sich auch an dem doppelten Preis durch das Gel\u00e9e Royale (K\u00f6niginnen-Futtersaft) bemerkbar.<\/p><p>Diese L\u00f6sung schmeckt auch Kindern.\u00a0<\/p>\t\t\t\t\t\t\t\t<\/div>\n\t\t\t\t<\/div>\n\t\t\t\t\t<\/div>\n\t\t<\/div>\n\t\t\t\t\t<\/div>\n\t\t<\/section>\n\t\t\t\t<section class=\"elementor-section elementor-top-section elementor-element elementor-element-70258d0 elementor-section-boxed elementor-section-height-default elementor-section-height-default\" data-id=\"70258d0\" data-element_type=\"section\">\n\t\t\t\t\t\t<div class=\"elementor-container elementor-column-gap-default\">\n\t\t\t\t\t<div class=\"elementor-column elementor-col-25 elementor-top-column elementor-element elementor-element-af4d30e\" data-id=\"af4d30e\" data-element_type=\"column\">\n\t\t\t<div class=\"elementor-widget-wrap elementor-element-populated\">\n\t\t\t\t\t\t<div class=\"elementor-element elementor-element-6767d15 elementor-widget elementor-widget-image\" data-id=\"6767d15\" data-element_type=\"widget\" data-widget_type=\"image.default\">\n\t\t\t\t<div class=\"elementor-widget-container\">\n\t\t\t\t\t\t\t\t\t\t\t\t\t\t\t<img decoding=\"async\" src=\"https:\/\/xn--allguer-alpenhonig-propolis-ekc.com\/wp-content\/uploads\/elementor\/thumbs\/Bienen_Propolis_NEU-onf74u8ggogjh9sjsadpj046w4z1ztsg60ccquqayo.jpg\" title=\"Bienen_Propolis_NEU\" alt=\"propolis\" loading=\"lazy\" \/>\t\t\t\t\t\t\t\t\t\t\t\t\t\t\t<\/div>\n\t\t\t\t<\/div>\n\t\t\t\t\t<\/div>\n\t\t<\/div>\n\t\t\t\t<div class=\"elementor-column elementor-col-25 elementor-top-column elementor-element elementor-element-42d94d3\" data-id=\"42d94d3\" data-element_type=\"column\">\n\t\t\t<div class=\"elementor-widget-wrap elementor-element-populated\">\n\t\t\t\t\t\t<div class=\"elementor-element elementor-element-ca1ea05 elementor-widget elementor-widget-image\" data-id=\"ca1ea05\" data-element_type=\"widget\" data-widget_type=\"image.default\">\n\t\t\t\t<div class=\"elementor-widget-container\">\n\t\t\t\t\t\t\t\t\t\t\t\t\t\t\t<img decoding=\"async\" src=\"https:\/\/xn--allguer-alpenhonig-propolis-ekc.com\/wp-content\/uploads\/elementor\/thumbs\/Propoliskonzentrat-otteomgk97k5ez6hwzl05gwt5107meowq8gbdnke80.jpg\" title=\"Propoliskonzentrat\" alt=\"Propoliskonzentrat\" loading=\"lazy\" \/>\t\t\t\t\t\t\t\t\t\t\t\t\t\t\t<\/div>\n\t\t\t\t<\/div>\n\t\t\t\t\t<\/div>\n\t\t<\/div>\n\t\t\t\t<div class=\"elementor-column elementor-col-25 elementor-top-column elementor-element elementor-element-282dc38\" data-id=\"282dc38\" data-element_type=\"column\">\n\t\t\t<div class=\"elementor-widget-wrap elementor-element-populated\">\n\t\t\t\t\t\t<div class=\"elementor-element elementor-element-0115367 elementor-widget elementor-widget-image\" data-id=\"0115367\" data-element_type=\"widget\" data-widget_type=\"image.default\">\n\t\t\t\t<div class=\"elementor-widget-container\">\n\t\t\t\t\t\t\t\t\t\t\t\t\t\t\t<img decoding=\"async\" src=\"https:\/\/xn--allguer-alpenhonig-propolis-ekc.com\/wp-content\/uploads\/elementor\/thumbs\/Propolis-Tinktur-otthk885jtdx3oosxrsmzbpu9yco1dztn12znly8e8.jpg\" title=\"Propolis Tinktur\" alt=\"Propolis Tinktur\" loading=\"lazy\" \/>\t\t\t\t\t\t\t\t\t\t\t\t\t\t\t<\/div>\n\t\t\t\t<\/div>\n\t\t\t\t\t<\/div>\n\t\t<\/div>\n\t\t\t\t<div class=\"elementor-column elementor-col-25 elementor-top-column elementor-element elementor-element-583b646\" data-id=\"583b646\" data-element_type=\"column\">\n\t\t\t<div class=\"elementor-widget-wrap elementor-element-populated\">\n\t\t\t\t\t\t<div class=\"elementor-element elementor-element-bd98622 elementor-widget elementor-widget-image\" data-id=\"bd98622\" data-element_type=\"widget\" data-widget_type=\"image.default\">\n\t\t\t\t<div class=\"elementor-widget-container\">\n\t\t\t\t\t\t\t\t\t\t\t\t\t\t\t<img decoding=\"async\" src=\"https:\/\/xn--allguer-alpenhonig-propolis-ekc.com\/wp-content\/uploads\/elementor\/thumbs\/image00019-otthp6thmc6edlhdywzr52nf55wenvotnl18u6lfk0.jpg\" title=\"image00019\" alt=\"image00019\" loading=\"lazy\" \/>\t\t\t\t\t\t\t\t\t\t\t\t\t\t\t<\/div>\n\t\t\t\t<\/div>\n\t\t\t\t\t<\/div>\n\t\t<\/div>\n\t\t\t\t\t<\/div>\n\t\t<\/section>\n\t\t\t\t<section class=\"elementor-section elementor-top-section elementor-element elementor-element-7f4954c6 elementor-section-boxed elementor-section-height-default elementor-section-height-default\" data-id=\"7f4954c6\" data-element_type=\"section\">\n\t\t\t\t\t\t<div class=\"elementor-container elementor-column-gap-default\">\n\t\t\t\t\t<div class=\"elementor-column elementor-col-100 elementor-top-column elementor-element elementor-element-48f68ea0\" data-id=\"48f68ea0\" data-element_type=\"column\">\n\t\t\t<div class=\"elementor-widget-wrap elementor-element-populated\">\n\t\t\t\t\t\t<div class=\"elementor-element elementor-element-463ec38d elementor-widget elementor-widget-text-editor\" data-id=\"463ec38d\" data-element_type=\"widget\" data-widget_type=\"text-editor.default\">\n\t\t\t\t<div class=\"elementor-widget-container\">\n\t\t\t\t\t\t\t\t\t<p style=\"text-align: center;\">Das Wundermittel Propolis ist hinreichend bekannt , deshalb nur kurze Hinweise:<\/p><p style=\"text-align: center;\">Propolis ist eines der Wundermittel der Bienen, ein Produkt sowohl pflanzlichen als auch tierischen Ursprungs.<\/p><p style=\"text-align: center;\">Antonio Stradivari hat Propolis als Lack f\u00fcr seine ber\u00fchmten Geigen verwendet. Der Geigenbauexperte Etienne Vatelot in Paris f\u00fchrt den guten Klang der Stradivari aber haupts\u00e4chlich auf das Genie und das au\u00dfergew\u00f6hnliche Geh\u00f6r des Meisters zur\u00fcck.<\/p><p style=\"text-align: center;\">Seit ca. 150 Millionen Jahren sch\u00fctzen die Pflanzen ihre Knospen durch ein besonderes Harz vor den Widrigkeiten des Wetters, vor allem aber vor den Angriffen der Keime, Pilze und Bakterien.<\/p><p style=\"text-align: center;\">Dieses Wissen der Pflanzen nutzten ca. 100 Millionen Jahre sp\u00e4ter die Bienen f\u00fcr sich. Sie sammelten die Harze und Balsamstoffe von den Knospen und Rinden der B\u00e4ume und f\u00fcgten diesem Harz k\u00f6rpereigene S\u00e4fte hinzu, die speziell dem Schutz der Bienen dienen, so entstand das Propolis.<\/p><p style=\"text-align: center;\">Aus der botanischen Medizin wird ein zoologisches Medikament, ein nat\u00fcrliches Antibiotikum.<\/p><p style=\"text-align: center;\">Im Innern des Bienenstockes findet Propolis eine vielf\u00e4ltige Verwendung: Unter anderem werden Spalten und Ritzen hermetisch und keimfrei verschlossen. Neue Waben und die Innenw\u00e4nde aller Zellen werden mit einem hauchd\u00fcnnen \u00dcberzug beschichtet, bevor die K\u00f6nigin darin zu legen beginnt. Dies bewirkt eine sichere Desinfektion und \u201cSterilisation\u201c.<\/p>\t\t\t\t\t\t\t\t<\/div>\n\t\t\t\t<\/div>\n\t\t\t\t\t<\/div>\n\t\t<\/div>\n\t\t\t\t\t<\/div>\n\t\t<\/section>\n\t\t\t\t<section class=\"elementor-section elementor-top-section elementor-element elementor-element-7426ce09 elementor-section-boxed elementor-section-height-default elementor-section-height-default\" data-id=\"7426ce09\" data-element_type=\"section\">\n\t\t\t\t\t\t<div class=\"elementor-container elementor-column-gap-default\">\n\t\t\t\t\t<div class=\"elementor-column elementor-col-100 elementor-top-column elementor-element elementor-element-9ea659c\" data-id=\"9ea659c\" data-element_type=\"column\">\n\t\t\t<div class=\"elementor-widget-wrap elementor-element-populated\">\n\t\t\t\t\t\t<div class=\"elementor-element elementor-element-2848f201 elementor-widget-divider--view-line elementor-widget elementor-widget-divider\" data-id=\"2848f201\" data-element_type=\"widget\" data-widget_type=\"divider.default\">\n\t\t\t\t<div class=\"elementor-widget-container\">\n\t\t\t\t\t\t\t<div class=\"elementor-divider\">\n\t\t\t<span class=\"elementor-divider-separator\">\n\t\t\t\t\t\t<\/span>\n\t\t<\/div>\n\t\t\t\t\t\t<\/div>\n\t\t\t\t<\/div>\n\t\t\t\t\t<\/div>\n\t\t<\/div>\n\t\t\t\t\t<\/div>\n\t\t<\/section>\n\t\t\t\t<section class=\"elementor-section elementor-top-section elementor-element elementor-element-17e0667 elementor-section-boxed elementor-section-height-default elementor-section-height-default\" data-id=\"17e0667\" data-element_type=\"section\">\n\t\t\t\t\t\t<div class=\"elementor-container elementor-column-gap-default\">\n\t\t\t\t\t<div class=\"elementor-column elementor-col-100 elementor-top-column elementor-element elementor-element-3850469e\" data-id=\"3850469e\" data-element_type=\"column\">\n\t\t\t<div class=\"elementor-widget-wrap elementor-element-populated\">\n\t\t\t\t\t\t<div class=\"elementor-element elementor-element-6e6d70d8 elementor-widget elementor-widget-text-editor\" data-id=\"6e6d70d8\" data-element_type=\"widget\" data-widget_type=\"text-editor.default\">\n\t\t\t\t<div class=\"elementor-widget-container\">\n\t\t\t\t\t\t\t\t\t<h2 style=\"text-align: center;\">Die geschichtliche Entdeckung von Propolis und die besondere Eigenschaft der enthaltenen Bio Flavonoide<\/h2><p style=\"text-align: center;\">Weitere 50 Millionen Jahre sp\u00e4ter entdeckte und nutzte dann der Mensch die Heilwirkung des Propolis.<\/p><p style=\"text-align: center;\">Schon die alt\u00e4gyptischen Priester kannten das Propolis und verwendeten es als Heilmittel und zur Einbalsamierung. Bei den Griechen war es als Heil- und Desinfektionsmittel bekannt. Aristoteles bezeichnete es ebenfalls als Heilmittel f\u00fcr Hautkrankheiten, Wunden und Eiterungen. Der R\u00f6mer Plinius: \u201cPropolis zieht Stacheln heraus und alles, was ins Fleisch eingedrungen ist. Es reduziert Schwellungen und erweichte Hautverh\u00e4rtungen, vermindert Nervenschmerzen und heilt oft unheilbare Geschw\u00fcre, Abszesse und Furunkel.\u201d Von den Inkas wurde Propolis zur Bek\u00e4mpfung fiebriger Infektionen benutzt. Durch das ganze Mittelalter und in der Neuzeit tauchte es auch in Europa immer wieder auf. Als Wundbehandlungssmittel erlebte Propolis im Burenkrieg wegen seinen hochwirksamen desinfizierenden Eigenschaften einen letzten H\u00f6hepunkt. Dann wurde es im Westen vom Fortschrittsglauben an die Chemie verdr\u00e4ngt und als \u201erussisches Penicillin\u201c bezeichnet.<\/p><p style=\"text-align: center;\">Im Gegensatz zu den herk\u00f6mmlichen Antibiotika, die nur gegen Bakterien eingesetz werden k\u00f6nnen, haben sich Flavonoide als hochwirksam gegen Bakterien, Viren und Pilze erwiesen, ohne negative Nebenwirkungen zu besitzen, wie diese oft bei herk\u00f6mmlichen Antibiotika beobachtet werden.<\/p><p style=\"text-align: center;\">Die chemische Zusammensetzung des Propolis ist heute gut bekannt.<\/p><p style=\"text-align: center;\">Bei den bisher isolierten Inhaltsstoffen der Balsame handelt es sich haupts\u00e4chlich um drei Hauptkomponenten: Terpene, \u2013 aromatische S\u00e4uren und deren Ester \u2013 und Flavone bzw. Flavonoide oder Flavanone. Die Flavonoide stellen die Hauptmenge dar, etwa 90%. Ihnen wird eine au\u00dferordentlich hohe Immunverst\u00e4rkung zugeschrieben. Propolis weist eine \u00e4u\u00dferst komplexe Zusammensetzung auf. Bis jetzt sind schon \u00fcber 300 Bestandteile entdeckt worden.<\/p><h3 style=\"text-align: center;\">In J\u00fcngster Zeit wurde Propolis als nat\u00fcrliches Heilmittel wieder entdeckt. Zahlreiche Wissenschaftler und \u00c4rzte stellen empirische und analytische Forschungen an.<\/h3>\t\t\t\t\t\t\t\t<\/div>\n\t\t\t\t<\/div>\n\t\t\t\t\t<\/div>\n\t\t<\/div>\n\t\t\t\t\t<\/div>\n\t\t<\/section>\n\t\t\t\t<section class=\"elementor-section elementor-top-section elementor-element elementor-element-f5e7236 elementor-section-boxed elementor-section-height-default elementor-section-height-default\" data-id=\"f5e7236\" data-element_type=\"section\">\n\t\t\t\t\t\t<div class=\"elementor-container elementor-column-gap-default\">\n\t\t\t\t\t<div class=\"elementor-column elementor-col-100 elementor-top-column elementor-element elementor-element-65578172\" data-id=\"65578172\" data-element_type=\"column\">\n\t\t\t<div class=\"elementor-widget-wrap elementor-element-populated\">\n\t\t\t\t\t\t<div class=\"elementor-element elementor-element-593a9c3 elementor-widget-divider--view-line elementor-widget elementor-widget-divider\" data-id=\"593a9c3\" data-element_type=\"widget\" data-widget_type=\"divider.default\">\n\t\t\t\t<div class=\"elementor-widget-container\">\n\t\t\t\t\t\t\t<div class=\"elementor-divider\">\n\t\t\t<span class=\"elementor-divider-separator\">\n\t\t\t\t\t\t<\/span>\n\t\t<\/div>\n\t\t\t\t\t\t<\/div>\n\t\t\t\t<\/div>\n\t\t\t\t\t<\/div>\n\t\t<\/div>\n\t\t\t\t\t<\/div>\n\t\t<\/section>\n\t\t\t\t<section class=\"elementor-section elementor-top-section elementor-element elementor-element-7497436f elementor-section-boxed elementor-section-height-default elementor-section-height-default\" data-id=\"7497436f\" data-element_type=\"section\">\n\t\t\t\t\t\t<div class=\"elementor-container elementor-column-gap-default\">\n\t\t\t\t\t<div class=\"elementor-column elementor-col-100 elementor-top-column elementor-element elementor-element-192a5b13\" data-id=\"192a5b13\" data-element_type=\"column\">\n\t\t\t<div class=\"elementor-widget-wrap elementor-element-populated\">\n\t\t\t\t\t\t<div class=\"elementor-element elementor-element-667337c0 elementor-widget elementor-widget-text-editor\" data-id=\"667337c0\" data-element_type=\"widget\" data-widget_type=\"text-editor.default\">\n\t\t\t\t<div class=\"elementor-widget-container\">\n\t\t\t\t\t\t\t\t\t<h1 style=\"text-align: center;\">Anwendungsbereiche von Propolis<\/h1><h2 style=\"text-align: center;\">Unter folgenden Links finden Sie die zahlreichen Einsatzgebiete von Propolis<\/h2><p style=\"text-align: center;\"><a href=\"https:\/\/de.wikipedia.org\/wiki\/Propolis\">https:\/\/de.wikipedia.org\/wiki\/Propolis<\/a><\/p><p style=\"text-align: center;\"><a href=\"https:\/\/www.eatmovefeel.de\/propolis\/\">https:\/\/www.eatmovefeel.de\/propolis\/<\/a><\/p><p style=\"text-align: center;\"><a href=\"https:\/\/propolis-wirkt.de\/anwendung\/innerlich\">https:\/\/propolis-wirkt.de\/anwendung\/innerlich<\/a><\/p>\t\t\t\t\t\t\t\t<\/div>\n\t\t\t\t<\/div>\n\t\t\t\t\t<\/div>\n\t\t<\/div>\n\t\t\t\t\t<\/div>\n\t\t<\/section>\n\t\t\t\t<\/div>\n\t\t","protected":false},"excerpt":{"rendered":"<p>Wissenswertes \u00fcber Propolis Unser Propolis ist kein X-beliebiges Propolis. Warum? Unsere Bienen sammeln es von unz\u00e4hligen Pflanzen in einer unber\u00fchrten Natur aus verschiedenen Regionen des Allg\u00e4us und mindestens zu 50% aus den Hochgebirgsh\u00f6hen von Oberstdorf\/Fellhorn, je vielseitiger die Herkunft des Propolis, umso wertvoller die Inhaltsstoffe . Das Propolis wird nach einem sehr alten Apitherapie Rezept [&hellip;]<\/p>\n","protected":false},"author":1,"featured_media":0,"parent":0,"menu_order":0,"comment_status":"closed","ping_status":"closed","template":"","meta":{"ocean_post_layout":"full-screen","ocean_both_sidebars_style":"","ocean_both_sidebars_content_width":0,"ocean_both_sidebars_sidebars_width":0,"ocean_sidebar":"0","ocean_second_sidebar":"0","ocean_disable_margins":"enable","ocean_add_body_class":"","ocean_shortcode_before_top_bar":"","ocean_shortcode_after_top_bar":"","ocean_shortcode_before_header":"","ocean_shortcode_after_header":"","ocean_has_shortcode":"","ocean_shortcode_after_title":"","ocean_shortcode_before_footer_widgets":"","ocean_shortcode_after_footer_widgets":"","ocean_shortcode_before_footer_bottom":"","ocean_shortcode_after_footer_bottom":"","ocean_display_top_bar":"off","ocean_display_header":"default","ocean_header_style":"","ocean_center_header_left_menu":"0","ocean_custom_header_template":"0","ocean_custom_logo":0,"ocean_custom_retina_logo":0,"ocean_custom_logo_max_width":0,"ocean_custom_logo_tablet_max_width":0,"ocean_custom_logo_mobile_max_width":0,"ocean_custom_logo_max_height":0,"ocean_custom_logo_tablet_max_height":0,"ocean_custom_logo_mobile_max_height":0,"ocean_header_custom_menu":"0","ocean_menu_typo_font_family":"0","ocean_menu_typo_font_subset":"","ocean_menu_typo_font_size":0,"ocean_menu_typo_font_size_tablet":0,"ocean_menu_typo_font_size_mobile":0,"ocean_menu_typo_font_size_unit":"px","ocean_menu_typo_font_weight":"","ocean_menu_typo_font_weight_tablet":"","ocean_menu_typo_font_weight_mobile":"","ocean_menu_typo_transform":"","ocean_menu_typo_transform_tablet":"","ocean_menu_typo_transform_mobile":"","ocean_menu_typo_line_height":0,"ocean_menu_typo_line_height_tablet":0,"ocean_menu_typo_line_height_mobile":0,"ocean_menu_typo_line_height_unit":"","ocean_menu_typo_spacing":0,"ocean_menu_typo_spacing_tablet":0,"ocean_menu_typo_spacing_mobile":0,"ocean_menu_typo_spacing_unit":"","ocean_menu_link_color":"","ocean_menu_link_color_hover":"","ocean_menu_link_color_active":"","ocean_menu_link_background":"","ocean_menu_link_hover_background":"","ocean_menu_link_active_background":"","ocean_menu_social_links_bg":"","ocean_menu_social_hover_links_bg":"","ocean_menu_social_links_color":"","ocean_menu_social_hover_links_color":"","ocean_disable_title":"on","ocean_disable_heading":"default","ocean_post_title":"","ocean_post_subheading":"","ocean_post_title_style":"","ocean_post_title_background_color":"","ocean_post_title_background":0,"ocean_post_title_bg_image_position":"","ocean_post_title_bg_image_attachment":"","ocean_post_title_bg_image_repeat":"","ocean_post_title_bg_image_size":"","ocean_post_title_height":0,"ocean_post_title_bg_overlay":0.5,"ocean_post_title_bg_overlay_color":"","ocean_disable_breadcrumbs":"default","ocean_breadcrumbs_color":"","ocean_breadcrumbs_separator_color":"","ocean_breadcrumbs_links_color":"","ocean_breadcrumbs_links_hover_color":"","ocean_display_footer_widgets":"default","ocean_display_footer_bottom":"default","ocean_custom_footer_template":"0","footnotes":""},"class_list":["post-282","page","type-page","status-publish","hentry","entry","owp-thumbs-layout-horizontal","owp-btn-normal","owp-tabs-layout-horizontal","has-no-thumbnails","has-product-nav"],"aioseo_notices":[],"_links":{"self":[{"href":"https:\/\/xn--allguer-alpenhonig-propolis-ekc.com\/index.php?rest_route=\/wp\/v2\/pages\/282","targetHints":{"allow":["GET"]}}],"collection":[{"href":"https:\/\/xn--allguer-alpenhonig-propolis-ekc.com\/index.php?rest_route=\/wp\/v2\/pages"}],"about":[{"href":"https:\/\/xn--allguer-alpenhonig-propolis-ekc.com\/index.php?rest_route=\/wp\/v2\/types\/page"}],"author":[{"embeddable":true,"href":"https:\/\/xn--allguer-alpenhonig-propolis-ekc.com\/index.php?rest_route=\/wp\/v2\/users\/1"}],"replies":[{"embeddable":true,"href":"https:\/\/xn--allguer-alpenhonig-propolis-ekc.com\/index.php?rest_route=%2Fwp%2Fv2%2Fcomments&post=282"}],"version-history":[{"count":7,"href":"https:\/\/xn--allguer-alpenhonig-propolis-ekc.com\/index.php?rest_route=\/wp\/v2\/pages\/282\/revisions"}],"predecessor-version":[{"id":722,"href":"https:\/\/xn--allguer-alpenhonig-propolis-ekc.com\/index.php?rest_route=\/wp\/v2\/pages\/282\/revisions\/722"}],"wp:attachment":[{"href":"https:\/\/xn--allguer-alpenhonig-propolis-ekc.com\/index.php?rest_route=%2Fwp%2Fv2%2Fmedia&parent=282"}],"curies":[{"name":"wp","href":"https:\/\/api.w.org\/{rel}","templated":true}]}}