{"id":606,"date":"2021-07-03T09:10:45","date_gmt":"2021-07-03T09:10:45","guid":{"rendered":"https:\/\/xn--allguer-alpenhonig-propolis-ekc.com\/?post_type=product&#038;p=606"},"modified":"2021-12-18T12:54:16","modified_gmt":"2021-12-18T12:54:16","slug":"wachsmotten-tinktur","status":"publish","type":"product","link":"https:\/\/xn--allguer-alpenhonig-propolis-ekc.com\/?product=wachsmotten-tinktur","title":{"rendered":"10ml Wachsmotten Propolis Extrakt Tinktur Herz Arterien Ablagerung Tuberkulose"},"content":{"rendered":"<p><b>10ml echte Galleria Mellonella Wachsmotten Extrakt angereichert mit Alpenpropolis ,Apilarnil ,Gelee Royal nach einem altem russischen Rezept .<\/b><\/p>\n<p>Die Wachsmottenlarven wurden mit den besten Alpen Bienenbrot Perga , Bienenhonigwaben mit Propolis versehenen Waben aufwendig gez\u00fcchtet .<\/p>\n<p>&nbsp;<\/p>\n<p>&nbsp;<\/p>\n<p>ANGEBOT BESTEHT AUS:<\/p>\n<p><b>10ml echte Galleria Mellonella Wachsmotten Extrakt angereichert mit Alpenpropolis ,Apilarnil ,Gelee Royal nach einem altem russischen Rezept .<\/b><\/p>\n<p>Die Wachsmottenlarven wurden mit den besten Alpen Bienenbrot Perga , Bienenhonigwaben mit Propolis versehenen Waben aufwendig gez\u00fcchtet .<\/p>\n<p>. Das macht es f\u00fcr viele Wissende seit Urzeiten hochinteressant . Alles weitere lesen Sie bitte in den nachfolgenden Zeilen und informieren Sie sich in Literatur und Internet .<\/p>\n<p><b>Ich pers\u00f6hnlich nehme vorbeugend von der Mischung ca 10 -20 Tropfen \u00fcberdosieren geht nicht .<\/b><\/p>\n<p>\u2764\ufe0f\u2764\ufe0f\u2764\ufe0f\u2764\ufe0f\u2764\ufe0f\u2764\ufe0f\u2764\ufe0f\u2764\ufe0f\u2764\ufe0f\u2764\ufe0f<\/p>\n<p><b>Lieber Kunde<\/b><\/p>\n<p><b>Der zeitliche Aufwand und ehrliche Umgang mit den Bienen , ist eigentlich unbezahlbar ,wenn man es als Hobby betreibt .<\/b><\/p>\n<p><b>Deshalb ist f\u00fcr mich eine sch\u00f6ne und ehrliche BEWERTUNG und REZESSION der wirkliche Lohn .<\/b><\/p>\n<p><b>Leider haben viele haben Angst , wenn Sie eine Bewertung abgeben , das sie nichts mehr bekommen da die Nachfrage gr\u00f6\u00dfer werden k\u00f6nnte , weil alle lesen das dass Propolis oder der Honig gut ist .<\/b><\/p>\n<p><b>\u00a0Auch Sie sind dankbar wenn Sie auf ein ehrliches und wirksames Produkt in dem Angebots Dschungel finden\u00a0<\/b><\/p>\n<p><b>Bisher haben alle etwas bekommen und es spornt mich eher immer zu mehr an , weil man sp\u00fcrt die Arbeit wird belohnt und gesch\u00e4tzt, in einer Zeit wo mit Propolis und Honig so viel Schwindel passiert.<\/b><\/p>\n<p><b>Deshalb schreibe ich AUGEN auf beim PROPOLIS und HONIGKAUF !<\/b><\/p>\n<p>\u2764\ufe0f\u2764\ufe0f\u2764\ufe0f\u2764\ufe0f\u2764\ufe0f\u2764\ufe0f\u2764\ufe0f\u2764\ufe0f\u2764\ufe0f\u2764\ufe0f<\/p>\n<p>&nbsp;<\/p>\n<p>Machen Sie sich ruhig mal die M\u00fche Apitherapie und Propolis zu googeln Wikipedia , aber alles was gleich auf der Startseite auftaucht , kritisch hinterfragen.<\/p>\n<p><b>Infos aus dem Internet und Literatur<\/b><\/p>\n<p>Die Bienenmotte ein bedeutendes Produkt in der Bienenzucht, und viele Medikamente werden auf ihrer Basis hergestellt. Die Priester des alten \u00c4gypten und die Langlebern Japans wussten um die heilenden Eigenschaften des Wachses, und mit seiner Hilfe st\u00e4rkten sie ihre Immunit\u00e4t und verl\u00e4ngerten ihre Jugend.<\/p>\n<p>&nbsp;<\/p>\n<p>Der Vorteil dieses Sch\u00e4dlings ist jedoch, dass die Raupen Bienenprodukte und keine physiologische Nahrung zu sich nehmen. In einem solchen chemischen Verh\u00e4ltnis wird das Wachs inaktiv. Dies legt nahe, dass es auf dem Planeten unm\u00f6glich ist, eine solche Anzahl von Substanzen und Verbindungen nat\u00fcrlichen Ursprungs zu treffen, die in der Lage sind, das Wachs zu l\u00f6sen und zu verarbeiten.<\/p>\n<p>Es ist nicht vorstellbar, wie diese kleinen Parasiten solche wirksamen und aktiven biochemischen Elemente produzieren. In fast einem Monat ihrer Entwicklung kann jede Larve etwa 2 g Wachs fressen, was mehr als 600 Zellen von Zellen verderben wird.<\/p>\n<p><b>N\u00fctzliche und heilende Eigenschaften<\/b><\/p>\n<p>&nbsp;<\/p>\n<p>Alle Imker wissen, dass die Bienenmotte der Hauptsch\u00e4dling der Wabe ist, aber dieses Insekt hat auch positive Eigenschaften. Es wird zur Herstellung eines Arzneimittels vermehrt. In diesen wunderbaren Insekten verbirgt sich durch die Natur eine au\u00dfergew\u00f6hnliche Kraft, die die F\u00e4higkeit besitzt, eine Vielzahl von Vorg\u00e4ngen im menschlichen K\u00f6rper wiederherzustellen.<\/p>\n<p>Wachsmotten die einzigen Insekten auf der Erde, die Wachs fressen. Die Komponente der Cerrase (mit deren Hilfe die Bienenmotte das Wachs recycelt) l\u00f6st das Fettwurmenzym des Tuberkulose-Bakteriums epicardium auf und l\u00e4sst es ungesch\u00fctzt zur\u00fcck. Was macht es m\u00f6glich, Tinktur bei der Behandlung von Tuberkulose und einer Vielzahl anderer Krankheiten zu verwenden.<\/p>\n<p>&nbsp;<\/p>\n<p>Die Behandlung von Herz-Kreislauf- und Lungenerkrankungen bei Bienenmotten wurde im 17. Jahrhundert eingesetzt.<\/p>\n<p>Der Extrakt wird aus Neokuklivshikh-Larven der Gr\u00f6\u00dfe 10-15 mm hergestellt, da gro\u00dfe Enzyme nicht produzieren<\/p>\n<p>&nbsp;<\/p>\n<p>In diesem Artikel werden wir die heilenden Eigenschaften des Wachsmottenextrakts untersuchen, die Indikationen und Kontraindikationen der Wachsmottentinktur untersuchen und die Anweisungen f\u00fcr die Verwendung der Wachsmottentinktur kennenlernen.<\/p>\n<p><b>Bienen- oder Wachsmottentinkturen<\/b>, die eine Mischung aus biologischen Substanzen enthalten, werden seit langem von Volksheilern verwendet. Dies erkl\u00e4rt sich aus der Tatsache, dass die Raupe nur bioaktive Rohstoffe der Bienen verzehrt.<\/p>\n<p>&nbsp;<\/p>\n<p>Das Extrakt besteht aus komplexen chemischen Elementen. Dies sind Enzyme wie Lipase und Cerrase, dank ihnen, Mottenlarven verdauen leicht Wachsverbindungen und wachsen selbst. Ungef\u00e4hr zwanzig essentielle und nicht essentielle Aminos\u00e4uren mit gro\u00dfer therapeutischer Wirkung: Glutamin und Asparagin, Prolin.<\/p>\n<p>&nbsp;<\/p>\n<p>Die Zusammensetzung des Extraktsist mit einer gro\u00dfen Menge an Mikro- und Makron\u00e4hrstoffen gef\u00fcllt. Dazu geh\u00f6ren:<\/p>\n<p>&nbsp;<\/p>\n<p>Magnesium;<\/p>\n<p>Kalium;<\/p>\n<p>Phosphor;<\/p>\n<p>Eisen;<\/p>\n<p>Zink<\/p>\n<p>Chrome;<\/p>\n<p>Kupfer;<\/p>\n<p>Kobalt;<\/p>\n<p>Mangan;<\/p>\n<p>Selen;<\/p>\n<p>Molybd\u00e4n<\/p>\n<p>Aus diesem Grund hat die Bienenmottentinktur folgende Eigenschaften:<\/p>\n<p>&nbsp;<\/p>\n<p><b>Verbessert die Durchblutung;<\/b><\/p>\n<p>Steigert die Leistung des Nervensystems, insbesondere nach St\u00f6rungen der Hirndurchblutung. Verbessert den Schlaf;<\/p>\n<p>Antibakterielle, antiparasit\u00e4re und antivirale Wirkungen;<\/p>\n<p><b>Senkt den Blutzucker- und Cholesterinspiegel, beugt der Entstehung von Arteriosklerose vor;<\/b><\/p>\n<p>Koordiniert den Stoffwechsel;<\/p>\n<p>L\u00f6st Vernarbungen der Herzmuskulatur;<\/p>\n<p>Erh\u00f6ht den H\u00e4moglobinspiegel;<\/p>\n<p>Aminos\u00e4uren Methionin und Histidin Sch\u00fctzen Sie den menschlichen K\u00f6rper vor Strahlung. Ausgeschiedene Schwermetallsalze, Produkte mit einer Vielzahl von Vergiftungen.<\/p>\n<p><b>Wird bei Unfruchtbarkeit angewendet, Impotenz, reguliert vegetative St\u00f6rungen in den Wechseljahren.<\/b><\/p>\n<p>&nbsp;<\/p>\n<p>Arrhythmie;<\/p>\n<p>Asthma;<\/p>\n<p>Schmerzen in der Brust;<\/p>\n<p>onkologische Erkrankungen;<\/p>\n<p>Tuberkulose;<\/p>\n<p>Auswirkungen eines Schlaganfalls;<\/p>\n<p>Thrombophlebitis;<\/p>\n<p>Unfruchtbarkeit;<\/p>\n<p>H\u00e4morrhoiden.<\/p>\n<p>Zur Vorbeugung wird die Tinktur morgens f\u00fcr 15 Tropfen eingenommen. Bei der Behandlung von Atemwegserkrankungen verdreifacht sich die Anzahl der Dosen.<\/p>\n<p>Die Zusammensetzung der Tinkturen umfassen:<\/p>\n<p>&nbsp;<\/p>\n<p>Isoleucin;<\/p>\n<p>saure Peptide;<\/p>\n<p>Nukleotide;<\/p>\n<p>Nukleoside;<\/p>\n<p>Histidin.<\/p>\n<p><b>Tinktur aus Wachsmottenlarven<\/b><\/p>\n<p>erh\u00f6ht die Ausdauer;<\/p>\n<p>erh\u00f6ht die Energieversorgung des K\u00f6rpers;<\/p>\n<p>Geweberegeneration erfolgt;<\/p>\n<p>Muskeln werden nach dem Training wiederhergestellt;<\/p>\n<p>der Stoffwechsel nimmt zu;<\/p>\n<p>Calcium wird gut aufgenommen.<\/p>\n<p>Dies wird von Personen ben\u00f6tigt, die schwere k\u00f6rperliche Arbeit verrichten, sowie in der postoperativen Phase und nach Verletzungen.<\/p>\n<p>Es gibt praktisch keine direkten Gegenanzeigen f\u00fcr die Einnahme dieses Arzneimittels..<\/p>\n<p>&nbsp;<\/p>\n<p><b>Sie sollten nicht den Extrakt eines Patienten mit Manifestationen einer Allergie gegen eines der Produkte der Bienenzucht einnehmen. Der Extrakt ist zum Zeitpunkt der Verschlimmerung von Pankreatitis und Hepatitis kategorisch kontraindiziert. Es wird empfohlen, das Medikament bei Patienten mit Ulkuskrankheiten, Kindern unter 14 Jahren, schwangeren und stillenden Frauen mit Vorsicht einzunehmen. Vor der Einnahme m\u00fcssen Sie Ihren Arzt konsultieren.<\/b><\/p>\n<p><b>Gebrauchsanweisung<\/b><\/p>\n<p>&nbsp;<\/p>\n<p>Die Tinktur wird trotz Art und Dauer der Erkrankung in gleicher Menge eingenommen.<\/p>\n<p>&nbsp;<\/p>\n<p>Kinder unter 14 Jahren Tinktur geben einen Tropfen pro 12 kg Gewicht &#8211; der Extrakt mit 30 ml einer Fl\u00fcssigkeit verd\u00fcnnt werden. Jugendliche k\u00f6nnen eine Erwachsenendosis einnehmen. Erwachsene nehmen drei Tropfen Extrakt pro 10 kg Gewicht. Tropfen w\u00fcnschenswert, um sich in Wasser aufzul\u00f6sen. Bevor Sie einen Schluck nehmen, m\u00fcssen Sie die Tinktur einige Minuten in Ihrem Mund halten. Aber die beste Wirkung des Extrakts &#8211; Empfang unter der Zunge.<\/p>\n<p>&nbsp;<\/p>\n<p>Beim ersten Mal m\u00fcssen Sie nur einen Teil der beabsichtigten Dosis einnehmen. Wenn keine Reaktion auftrat, m\u00fcssen Sie am n\u00e4chsten Tag die Menge erh\u00f6hen und die halbe Dosis einnehmen. Wenn nach der Einnahme wieder alles in Ordnung ist, k\u00f6nnen Sie am dritten Tag die gesamte berechnete Dosis einnehmen. Nach zwei Tagen wird empfohlen, auf eine zweit\u00e4gige Rezeption umzuschalten.<\/p>\n<p>Die Behandlung mit dem Extrakt sollte ernst genommen und t\u00e4glich durchgef\u00fchrt werden.<\/p>\n<p>&nbsp;<\/p>\n<p>&nbsp;<\/p>\n<p>Verwendung von alkoholischem Extrakt aus Larven einer gro\u00dfen Wachsmotte in der medizinischen Praxis<\/p>\n<p>Die Verwendung von Alkoholextrakten auf Basis von Wachsmottenlarven der Heilung hat eine lange Geschichte. Die wissenschaftliche und medizinische \u00d6ffentlichkeit erfuhr Ende des 19. Jahrhunderts von den wunderbaren Heilungsm\u00f6glichkeiten von Extrakten aus Mottenlarven, als der bekannte russische Wissenschaftler I.I. Mechnikov die erste wissenschaftliche Erforschung dieses biologischen Materials durchf\u00fchrte und die Ergebnisse seiner Arbeit ver\u00f6ffentlichte. Der Wissenschaftler gab eine wissenschaftliche Erkl\u00e4rung f\u00fcr das medizinische Ph\u00e4nomen des Extrakts aus Mottenlarven, der die tuberkul\u00f6se Pathologie selbst in fortgeschrittenen F\u00e4llen erfolgreich bew\u00e4ltigte. Sein wissenschaftlicher Vorschlag, dass die Verdauungsenzyme der Larven, die sich mit dem Wachsmaterial ern\u00e4hren, die sch\u00fctzende Wachsh\u00fclle des Tuberkelbazillus zerst\u00f6ren k\u00f6nnen, wurde im Verlauf der Forschung vollst\u00e4ndig best\u00e4tigt. Es wurde festgestellt, dass die alten Larven, bereit f\u00fcr die Verpuppung, keine destruktiven F\u00e4higkeiten in Bezug auf Tuberkulose-St\u00f6cke besitzen. Nur junge Larven w\u00e4hrend ihres Wachstums, die die Au\u00dfengr\u00f6\u00dfe von 10-15 mm nicht \u00fcberschreiten, sind f\u00fcr medizinische Zwecke geeignet.<\/p>\n<p>Grundlegende Studien zu den Eigenschaften und Wirkmechanismen des Produkts von den 80er Jahren bis heute werden in einem von Professor M.N. Kondrashova (Institut f\u00fcr Theoretische und Experimentelle Biophysik, Russische Akademie der Wissenschaften, Pushchino) festgehalten und ver\u00f6ffentlicht. Die chemische Zusammensetzung des Wachsmottenextrakts wurde detailliert untersucht. Das Produkt enth\u00e4lt eine betr\u00e4chtliche Menge an freien Aminos\u00e4uren, Mono- und Disacchariden, Nukleotidbasen und ihren Derivaten, Fetts\u00e4uren, biologisch wichtigen Makro- und Mikroelementen (viel Zink und Magnesium). Toxische Substanzen wurden nicht nachgewiesen, gleichzeitig sind biologisch aktive Substanzen, die von Bienen produziert werden, sowie Komponenten, die das Wachstum und die Entwicklung von Zellen stimulieren, vorhanden. Das Labor hat eine wachsende Technologie zur Inkubation der Wachsmottenlarven sowie der Bedingungen entwickelt und patentiert.<\/p>\n<p>Der Extrakt aus den Larven der Wachsmotte hat keine unerw\u00fcnschten Nebenwirkungen, er ist w\u00e4hrend der Lagerung stabil. Eine der Seiten des Extrakts besteht darin, die Immunaktivit\u00e4t des K\u00f6rpers zu erh\u00f6hen, was zu einer Beschleunigung der Genesung bei chronischen bronchopulmonalen Erkrankungen f\u00fchrt und auch das Auftreten spontaner Fehlgeburten bei schwangeren Frauen aufgrund eines Mangels an Immunfunktion der Plazenta verhindern kann.<\/p>\n<p>Das Medikament fand das Vorhandensein einer hohen antioxidativen Aktivit\u00e4t (AOA), die seine vielen therapeutischen Wirkungen bestimmt. Der Wert des AOA, der im Labor bestimmt werden kann, ist ein quantitatives Ma\u00df f\u00fcr die Qualit\u00e4t des Extrakts. Somit hat der Alkoholextrakt der Wachsmottenlarven ein breites Spektrum an biologischer Wirkung und zeigt immunstimulierende, kardioprotektive und. Anti-Tuberkulose-Eigenschaften.<\/p>\n<p>Als Ergebnis jahrelanger Forschung wurden sowohl von einzelnen Wissenschaftler als auch ganze Gruppen von Forschern identifiziert und ver\u00f6ffenlticht:<\/p>\n<p>* Alkoholextrakt aus den Larven der Wachsmotte hat eine ausgepr\u00e4gte antioxidative Wirkung;<\/p>\n<p>* in der Vorbereitung gibt es Komponenten, die das Wachstum und die Reproduktion von Zellen stimulieren;<\/p>\n<p>* das Medikament tr\u00e4gt zur Heilung von Tuberkulose-Hohlr\u00e4umen in der Lunge bei;<\/p>\n<p>* Die P\u00e4diatrie behandelt erfolgreich bronchopulmonale Erkrankungen mit asthmatischer Komponente, normalisiert das Blutbild und stellt die Immunit\u00e4tsindikatoren wieder her<\/p>\n<p>* das Pr\u00e4parat st\u00f6rt die zikatricialen Herzmuskelver\u00e4nderungen, wird mit verschrieben am 10. Tag nach einem Herzinfarkt mit der \u00fcblichen Basistherapie;<\/p>\n<p>* Extrakt ist wirksam bei An\u00e4mie verschiedener Herkunft bei Kindern;<\/p>\n<p>* Reduziert signifikant die H\u00e4ufigkeit und Intensit\u00e4t von Schmerzanf\u00e4llen w\u00e4hrend Angina pectoris, verbessert die Leistung und erm\u00f6glicht die Umstellung auf Erhaltungsdosen kardiotroper Medikamente;<\/p>\n<p>* das Produkt zeigt klare antisklerotische Eigenschaften,<\/p>\n<p>* senkt erh\u00f6htes Cholesterin im Blut<\/p>\n<p>* wirkt heparin \u00e4hnlich;<\/p>\n<p>* Geburtshelfer und Gyn\u00e4kologen verwenden das Produkgt zur Behandlung von Unfruchtbarkeit,<\/p>\n<p>* Toxikose der ersten H\u00e4lfte der Schwangerschaft, An\u00e4mie, Wechseljahrsst\u00f6rungen;<\/p>\n<p>* bei der Behandlung von Fehlgeburten<\/p>\n<p>* korrigiert verschiedene Manifestationen der Plazentainsuffizienz, St\u00f6rungen der Blutrheologie, Verbesserung der Mikrozirkulation;<\/p>\n<p>* Der Extrakt bewirkt einen stetigen Blutdruckabfall um 12-14%, der sich am 10. Tag manifestiert.<\/p>\n<p>* Das Produkt ist extrem bioaktiv und nicht toxisch.<\/p>\n<p>* hat keine Nebenwirkungen und tr\u00e4gt keine Faktoren des pharmakologischen und medizinischen Risikos in sich;<\/p>\n<p>* Extrakt ist kompatibel mit Pharmazeutika;<\/p>\n<p>* Das Medikament ist im Alter wirksam, um den Gesamttonus, die Behandlung und die Pr\u00e4vention altersbedingter Ver\u00e4nderungen, auch in den Wechseljahren, zu verbessern.<\/p>\n<p>* enth\u00e4lt keine giftigen und radioaktiven Substanzen;<\/p>\n<p>* normalisiert die Blutgerinnung;<\/p>\n<p>* Der Extrakt wirkt gegen Pilzkrankheiten der Lunge, die oft als Komplikationen nach einer chemotherapeutischen Behandlung der Tuberkulose auftreten.<\/p>\n<p>Alkoholextrakt aus den Larven der Wachsmotte kann als unabh\u00e4ngiges oder zus\u00e4tzliches hom\u00f6opathisches Medikament verwendet werden.\u00a0<b>Seine therapeutische Wirksamkeit wird gesteigert, wenn es zusammen mit anderen Imkereierzeugnissen in einer einzigen Zusammensetzung kompositionell verwendet wird: Honig, Perga oder Bienenbrot (Pollen), Propolis, Gel\u00e9e Royale.<\/b><\/p>\n<p>Trotz zahlreicher Studien des Produkts, seiner Verwendung in der medizinischen Praxis, ist der Extrakt weitgehend unbekannt und entdeckt gelegentlich neue therapeutische Eigenschaften.<\/p>\n<p>Bei der Einnahme des Extraktes gab es wiederholt Anzeichen f\u00fcr eine Heilung der Thrombophlebitis der Extremit\u00e4ten.<\/p>\n<p>All diese Umst\u00e4nde zwingen kreative Apitherapisten dazu, aus Wachsmottenlarven selbst\u00e4ndig einen Extrakt herzustellen.<\/p>\n<p>Empfehlungen aus verschiedenen Quellen f\u00fcr die Zubereitung und Anwendung des Extrakts sind sehr unterschiedlich. Der \u00e4lteste russische Arzt Apitherapist F.D. Karneev empfiehlt in einem seiner Artikel &#8222;Empfehlungen aus verschiedenen Quellen zur Herstellung und Verwendung von Wachsmottenextrakt&#8220; das folgende Rezept f\u00fcr die Herstellung und Verwendung des Extrakts, das vom Begr\u00fcnder der wissenschaftlichen Apitherapie E.A. Ludyansky: 5,0 g Wachsmottenlarven gie\u00dfen 50,0 g Alkohol, bestehen auf 5-8 Tage. Der resultierende Extrakt nimmt zweimal t\u00e4glich 15-20 Tropfen in Wasser. Der Autor empfiehlt, Kindern eine Abnahme der Anzahl der Jahre (5 Jahre &#8211; 5 Tropfen) zu geben, ab dem Alter von 14 wird eine Dosis eines Erwachsenen verabreicht.<\/p>\n<p>Die Empfehlungen von Professor A.F. Sinyakov: 20,0 g Larven gie\u00dfen 100 ml Alkohol und stehen 7-9 Tage an einem dunklen Ort, t\u00e4glich sch\u00fctteln. Die Tinktur wird gefiltert und in den folgenden Dosen verwendet: Erwachsene &#8211; 30-40 Tropfen pas 20-30 ml Wasser dreimal t\u00e4glich 15-20 Minuten vor den Mahlzeiten, Kinder &#8211; aber 1,5 Tropfen pro Lebensjahr (ein Kind von 7 Jahren &#8211; 10 Tropfen).<\/p>\n<p>Die Empfehlungen der Wissenschaftler des Instituts f\u00fcr Biophysik unterscheiden sich von den oben genannten Schemata. Studien haben gezeigt, dass die biologische Aktivit\u00e4t des Arzneimittels in den ersten drei Wochen der Verabreichung seine stabilste Wirkung zeigt. Mit einer weiteren Verl\u00e4ngerung des Extraktionsverlaufs kann die positive Wirkung abnehmen. Gem\u00e4\u00df den methodischen Richtlinien des Instituts wird der Extrakt in den ersten 25 Tagen mit 3 Tropfen pro 10 kg K\u00f6rpergewicht des Patienten eingenommen. Zum Beispiel: Das Gewicht eines Patienten betr\u00e4gt 70 kg (7&#215;3 = 21 Tropfen). Rezeption &#8211; einmal t\u00e4glich vor dem Schlafengehen auf dem Wasser. Anschlie\u00dfend wird der Extrakt mit einer Rate von 1 Tropfen pro 10 kg Gewicht fortgesetzt. In diesem Fall sind es 7 Tropfen. Die Gesamtdauer der Behandlung mit dem Extrakt sollte nach Ansicht der Wissenschaftler des Instituts 3 Monate pro Jahr nicht \u00fcberschreiten. Bei schweren Bedingungen (offene Form der Tuberkulose, drohende Abtreibung) kann auf 5 Tropfen pro 10 kg Gewicht erh\u00f6ht werden. Personen ohne ausgepr\u00e4gte Erkrankungen und bei der Behandlung von Herz-Kreislauf-Erkrankungen (in der Zeit nach dem Infarkt mit koronarer Herzkrankheit) wird empfohlen, vor dem Zubettgehen Tee, Saft oder Milch mit einem Tropfen Extrakt pro 10 kg K\u00f6rpergewicht zu Tee zu geben. Empfangsdauer &#8211; 2-3 Wochen.<\/p>\n<p>Der Empfang wird mit einer Pause von 1-2 Wochen wiederholt, je nach Gesundheitszustand, so dass die Gesamtzahl der Tage der Einnahme des Medikaments 3 Monate betrug. Der Extrakt wird vor Gebrauch gesch\u00fcttelt.<\/p>\n<p>Die Einnahme des Medikaments nach den hier skizzierten Techniken ist jedoch nicht ersch\u00f6pft. Insbesondere in der Ukraine und in Wei\u00dfrussland gibt es, nach den Ver\u00f6ffentlichungen zu urteilen, verschiedene Ans\u00e4tze f\u00fcr dieses Problem, aber alle Techniken werden durch die Tropfdosierung zu verschiedenen Zeitpunkten der Einnahme des Arzneimittels kombiniert *.<\/p>\n<p>Die aktuelle Situation in der pharmazeutischen Industrie legt nahe, dass in den kommenden Jahren die Freisetzung des Extrakts aus den Larven der Wachsmotte nicht angepasst wird. Und die Krankheit wartet nicht. Der Ausweg aus dieser Situation ist die Kultivierung der Larven und die Aufbereitung des Extraktes durch Apitherapisten und Imker zu Hause. Die Qualit\u00e4t des Arzneimittels leidet nicht darunter, wenn Sie der vom Institut f\u00fcr Biophysik entwickelten und in diesem Artikel beschriebenen Technologie folgen. Die Verwendung des Extrakts wird die therapeutischen F\u00e4higkeiten des Apitherapisten erheblich erweitern, seine Arbeit effektiver machen, und das pharmakotherapeutische Arsenal des Medikaments erm\u00f6glicht es ihm, die Situation in den meisten F\u00e4llen zu kontrollieren, in denen er zuvor hilflos war.<\/p>\n","protected":false},"excerpt":{"rendered":"<p>10ml echte Galleria Mellonella Wachsmotten Extrakt angereichert mit Alpenpropolis ,Apilarnil ,Gelee Royal nach einem altem russischen Rezept . Die Wachsmottenlarven wurden mit den besten Alpen Bienenbrot Perga , Bienenhonigwaben mit Propolis versehenen Waben aufwendig gez\u00fcchtet . &nbsp; &nbsp; ANGEBOT BESTEHT AUS: 10ml echte Galleria Mellonella Wachsmotten Extrakt angereichert mit Alpenpropolis ,Apilarnil ,Gelee Royal nach einem [&hellip;]<\/p>\n","protected":false},"featured_media":610,"comment_status":"open","ping_status":"closed","template":"","meta":{"ocean_post_layout":"","ocean_both_sidebars_style":"","ocean_both_sidebars_content_width":0,"ocean_both_sidebars_sidebars_width":0,"ocean_sidebar":"0","ocean_second_sidebar":"0","ocean_disable_margins":"enable","ocean_add_body_class":"","ocean_shortcode_before_top_bar":"","ocean_shortcode_after_top_bar":"","ocean_shortcode_before_header":"","ocean_shortcode_after_header":"","ocean_has_shortcode":"","ocean_shortcode_after_title":"","ocean_shortcode_before_footer_widgets":"","ocean_shortcode_after_footer_widgets":"","ocean_shortcode_before_footer_bottom":"","ocean_shortcode_after_footer_bottom":"","ocean_display_top_bar":"default","ocean_display_header":"default","ocean_header_style":"","ocean_center_header_left_menu":"0","ocean_custom_header_template":"0","ocean_custom_logo":0,"ocean_custom_retina_logo":0,"ocean_custom_logo_max_width":0,"ocean_custom_logo_tablet_max_width":0,"ocean_custom_logo_mobile_max_width":0,"ocean_custom_logo_max_height":0,"ocean_custom_logo_tablet_max_height":0,"ocean_custom_logo_mobile_max_height":0,"ocean_header_custom_menu":"0","ocean_menu_typo_font_family":"0","ocean_menu_typo_font_subset":"","ocean_menu_typo_font_size":0,"ocean_menu_typo_font_size_tablet":0,"ocean_menu_typo_font_size_mobile":0,"ocean_menu_typo_font_size_unit":"px","ocean_menu_typo_font_weight":"","ocean_menu_typo_font_weight_tablet":"","ocean_menu_typo_font_weight_mobile":"","ocean_menu_typo_transform":"","ocean_menu_typo_transform_tablet":"","ocean_menu_typo_transform_mobile":"","ocean_menu_typo_line_height":0,"ocean_menu_typo_line_height_tablet":0,"ocean_menu_typo_line_height_mobile":0,"ocean_menu_typo_line_height_unit":"","ocean_menu_typo_spacing":0,"ocean_menu_typo_spacing_tablet":0,"ocean_menu_typo_spacing_mobile":0,"ocean_menu_typo_spacing_unit":"","ocean_menu_link_color":"","ocean_menu_link_color_hover":"","ocean_menu_link_color_active":"","ocean_menu_link_background":"","ocean_menu_link_hover_background":"","ocean_menu_link_active_background":"","ocean_menu_social_links_bg":"","ocean_menu_social_hover_links_bg":"","ocean_menu_social_links_color":"","ocean_menu_social_hover_links_color":"","ocean_disable_title":"default","ocean_disable_heading":"default","ocean_post_title":"","ocean_post_subheading":"","ocean_post_title_style":"","ocean_post_title_background_color":"","ocean_post_title_background":0,"ocean_post_title_bg_image_position":"","ocean_post_title_bg_image_attachment":"","ocean_post_title_bg_image_repeat":"","ocean_post_title_bg_image_size":"","ocean_post_title_height":0,"ocean_post_title_bg_overlay":0.5,"ocean_post_title_bg_overlay_color":"","ocean_disable_breadcrumbs":"default","ocean_breadcrumbs_color":"","ocean_breadcrumbs_separator_color":"","ocean_breadcrumbs_links_color":"","ocean_breadcrumbs_links_hover_color":"","ocean_display_footer_widgets":"default","ocean_display_footer_bottom":"default","ocean_custom_footer_template":"0"},"product_brand":[],"product_cat":[51,43],"product_tag":[],"class_list":{"0":"post-606","1":"product","2":"type-product","3":"status-publish","4":"has-post-thumbnail","6":"product_cat-propolis","7":"product_cat-tinkturen","9":"entry","10":"has-media","12":"first","13":"instock","14":"shipping-taxable","15":"purchasable","16":"product-type-simple","17":"has-rating","18":"has-product-nav","19":"col","20":"span_1_of_4","21":"owp-content-center","22":"owp-thumbs-layout-horizontal","23":"owp-btn-normal","24":"owp-tabs-layout-horizontal","25":"has-no-thumbnails"},"aioseo_notices":[],"_links":{"self":[{"href":"https:\/\/xn--allguer-alpenhonig-propolis-ekc.com\/index.php?rest_route=\/wp\/v2\/product\/606","targetHints":{"allow":["GET"]}}],"collection":[{"href":"https:\/\/xn--allguer-alpenhonig-propolis-ekc.com\/index.php?rest_route=\/wp\/v2\/product"}],"about":[{"href":"https:\/\/xn--allguer-alpenhonig-propolis-ekc.com\/index.php?rest_route=\/wp\/v2\/types\/product"}],"replies":[{"embeddable":true,"href":"https:\/\/xn--allguer-alpenhonig-propolis-ekc.com\/index.php?rest_route=%2Fwp%2Fv2%2Fcomments&post=606"}],"wp:featuredmedia":[{"embeddable":true,"href":"https:\/\/xn--allguer-alpenhonig-propolis-ekc.com\/index.php?rest_route=\/wp\/v2\/media\/610"}],"wp:attachment":[{"href":"https:\/\/xn--allguer-alpenhonig-propolis-ekc.com\/index.php?rest_route=%2Fwp%2Fv2%2Fmedia&parent=606"}],"wp:term":[{"taxonomy":"product_brand","embeddable":true,"href":"https:\/\/xn--allguer-alpenhonig-propolis-ekc.com\/index.php?rest_route=%2Fwp%2Fv2%2Fproduct_brand&post=606"},{"taxonomy":"product_cat","embeddable":true,"href":"https:\/\/xn--allguer-alpenhonig-propolis-ekc.com\/index.php?rest_route=%2Fwp%2Fv2%2Fproduct_cat&post=606"},{"taxonomy":"product_tag","embeddable":true,"href":"https:\/\/xn--allguer-alpenhonig-propolis-ekc.com\/index.php?rest_route=%2Fwp%2Fv2%2Fproduct_tag&post=606"}],"curies":[{"name":"wp","href":"https:\/\/api.w.org\/{rel}","templated":true}]}}